{"id":967,"date":"2020-01-18T18:28:18","date_gmt":"2020-01-18T18:28:18","guid":{"rendered":"https:\/\/www.vumigroup.com\/convenience-clinics\/"},"modified":"2023-11-01T14:30:49","modified_gmt":"2023-11-01T19:30:49","slug":"convenience-clinics","status":"publish","type":"page","link":"https:\/\/www.vumimexico.com\/es\/convenience-clinics\/","title":{"rendered":"Cl\u00ednicas de Conveniencia"},"content":{"rendered":"<div class=\"wpb-content-wrapper\"><p>[vc_row gap=\u00bb35&#8243;][vc_column width=\u00bb1\/2&#8243;][vc_empty_space height=\u00bb60px\u00bb][vc_column_text]<span style=\"font-family: Raleway; font-size: 32px;\">Cl\u00ednicas de Conveniencia<\/span>[\/vc_column_text][vc_column_text]Las Cl\u00ednicas de Conveniencia son centros de atenci\u00f3n ambulatoria que ofrecen atenci\u00f3n r\u00e1pida y efectiva para tratar afecciones m\u00e9dicas menores como infecciones, alergias, lesiones menores y m\u00e1s.<\/p>\n<ul>\n<li>Disponible en todos los planes m\u00e9dicos de VUMI<\/li>\n<li>Sin deducible<\/li>\n<li>Horas de servicio extendidas<\/li>\n<\/ul>\n<p>Para acceder a la lista de Cl\u00ednicas de Conveniencia en nuestra red de proveedores, haz <a href=\"https:\/\/www.aetna.com\/dsepublic\/#\/contentPage?page=providerSearchLanding&amp;site_id=passport&amp;language=en\" target=\"_blank\" rel=\"noopener noreferrer\"><strong><u>click aqu\u00ed<\/u><\/strong><\/a> y sigue los pasos del\u00a0 <a href=\"https:\/\/www.vumimexico.com\/wp-content\/uploads\/2023\/10\/Convenience-Clinics-Guide-SPA.pdf\" target=\"_blank\" rel=\"noopener noreferrer\"><strong><u>PDF descargable.<\/u><\/strong><\/a>[\/vc_column_text][\/vc_column][vc_column width=\u00bb1\/2&#8243;][vc_column_text]<img fetchpriority=\"high\" decoding=\"async\" class=\"aligncenter size-full wp-image-679\" src=\"https:\/\/www.vumimexico.com\/wp-content\/uploads\/2020\/01\/clinicas-conveniencia-img.jpg\" alt=\"\" width=\"812\" height=\"812\" srcset=\"https:\/\/www.vumimexico.com\/wp-content\/uploads\/2020\/01\/clinicas-conveniencia-img.jpg 812w, https:\/\/www.vumimexico.com\/wp-content\/uploads\/2020\/01\/clinicas-conveniencia-img-300x300.jpg 300w, https:\/\/www.vumimexico.com\/wp-content\/uploads\/2020\/01\/clinicas-conveniencia-img-150x150.jpg 150w, https:\/\/www.vumimexico.com\/wp-content\/uploads\/2020\/01\/clinicas-conveniencia-img-768x768.jpg 768w\" sizes=\"(max-width: 812px) 100vw, 812px\" \/>[\/vc_column_text][\/vc_column][\/vc_row][vc_row el_class=\u00bbvideo\u00bb][vc_column][vc_empty_space height=\u00bb40px\u00bb][vc_column_text]<span style=\"font-family: Raleway; font-size: 32px;\">Video Instructivo<\/span>[\/vc_column_text][vc_column_text css=\u00bb.vc_custom_1625781119499{border-top-width: 1px !important;border-right-width: 1px !important;border-bottom-width: 1px !important;border-left-width: 1px !important;border-left-color: #ededed !important;border-left-style: solid !important;border-right-color: #ededed !important;border-right-style: solid !important;border-top-color: #ededed !important;border-top-style: solid !important;border-bottom-color: #ededed !important;border-bottom-style: solid !important;}\u00bb]<div style=\"width: 1200px;\" class=\"wp-video\"><!--[if lt IE 9]><script>document.createElement('video');<\/script><![endif]-->\n<video class=\"wp-video-shortcode\" id=\"video-967-1\" width=\"1200\" height=\"675\" preload=\"metadata\" controls=\"controls\"><source type=\"video\/mp4\" src=\"https:\/\/www.vumimexico.com\/wp-content\/uploads\/2021\/07\/VUMI-Clinicas-de-Conveniencia-SPA.mp4?_=1\" \/><a href=\"https:\/\/www.vumimexico.com\/wp-content\/uploads\/2021\/07\/VUMI-Clinicas-de-Conveniencia-SPA.mp4\">https:\/\/www.vumimexico.com\/wp-content\/uploads\/2021\/07\/VUMI-Clinicas-de-Conveniencia-SPA.mp4<\/a><\/video><\/div>[\/vc_column_text][\/vc_column][\/vc_row]<\/p>\n<\/div>","protected":false},"excerpt":{"rendered":"<p>[vc_row gap=\u00bb35&#8243;][vc_column width=\u00bb1\/2&#8243;][vc_empty_space height=\u00bb60px\u00bb][vc_column_text]Cl\u00ednicas de Conveniencia[\/vc_column_text][vc_column_text]Las Cl\u00ednicas de Conveniencia son centros de atenci\u00f3n ambulatoria que ofrecen atenci\u00f3n r\u00e1pida y efectiva para tratar afecciones m\u00e9dicas menores como infecciones, alergias, lesiones menores y m\u00e1s. Disponible en todos los planes m\u00e9dicos de VUMI Sin deducible Horas de servicio extendidas Para acceder a la lista de Cl\u00ednicas de Conveniencia&hellip;<\/p>\n","protected":false},"author":5,"featured_media":0,"parent":0,"menu_order":0,"comment_status":"closed","ping_status":"closed","template":"","meta":{"footnotes":""},"class_list":["post-967","page","type-page","status-publish","hentry","description-off"],"_links":{"self":[{"href":"https:\/\/www.vumimexico.com\/es\/wp-json\/wp\/v2\/pages\/967","targetHints":{"allow":["GET"]}}],"collection":[{"href":"https:\/\/www.vumimexico.com\/es\/wp-json\/wp\/v2\/pages"}],"about":[{"href":"https:\/\/www.vumimexico.com\/es\/wp-json\/wp\/v2\/types\/page"}],"author":[{"embeddable":true,"href":"https:\/\/www.vumimexico.com\/es\/wp-json\/wp\/v2\/users\/5"}],"replies":[{"embeddable":true,"href":"https:\/\/www.vumimexico.com\/es\/wp-json\/wp\/v2\/comments?post=967"}],"version-history":[{"count":14,"href":"https:\/\/www.vumimexico.com\/es\/wp-json\/wp\/v2\/pages\/967\/revisions"}],"predecessor-version":[{"id":2810,"href":"https:\/\/www.vumimexico.com\/es\/wp-json\/wp\/v2\/pages\/967\/revisions\/2810"}],"wp:attachment":[{"href":"https:\/\/www.vumimexico.com\/es\/wp-json\/wp\/v2\/media?parent=967"}],"curies":[{"name":"wp","href":"https:\/\/api.w.org\/{rel}","templated":true}]}}