{"id":944,"date":"2020-01-18T03:31:20","date_gmt":"2020-01-18T03:31:20","guid":{"rendered":"https:\/\/www.vumigroup.com\/reclamaciones\/"},"modified":"2020-02-03T17:46:56","modified_gmt":"2020-02-03T17:46:56","slug":"reclamaciones","status":"publish","type":"page","link":"https:\/\/www.vumimexico.com\/es\/reclamaciones\/","title":{"rendered":"Reclamaciones"},"content":{"rendered":"<div class=\"wpb-content-wrapper\"><p>[vc_row full_width=\u00bbstretch_row\u00bb css=\u00bb.vc_custom_1578935732878{padding-top: 100px !important;padding-bottom: 100px !important;background-image: url(https:\/\/www.vumimexico.com\/wp-content\/uploads\/2020\/01\/header-claims.jpg?id=719) !important;background-position: center !important;background-repeat: no-repeat !important;background-size: cover !important;}\u00bb][vc_column][\/vc_column][\/vc_row][vc_row][vc_column][vc_column_text]<span style=\"font-family: Raleway; font-size: 32px;\">Reclamaciones<\/span>[\/vc_column_text][vc_column_text]Las reclamaciones pueden ser enviadas a trav\u00e9s de cualquiera de las siguientes opciones:[\/vc_column_text][\/vc_column][\/vc_row][vc_row gap=\u00bb35&#8243;][vc_column width=\u00bb1\/2&#8243;][vc_column_text css=\u00bb.vc_custom_1580419950805{border-bottom-width: 1px !important;border-bottom-color: #eaeaea !important;border-bottom-style: solid !important;}\u00bb]<span style=\"font-family: Raleway; font-size: 32px;\">Por Correo Electr\u00f3nico<\/span>[\/vc_column_text][vc_column_text]Env\u00ede un correo electr\u00f3nico a <a href=\"mailto:reclamos@vumigroup.com\">reclamos@vumigroup.com<\/a> con la siguiente informaci\u00f3n:<\/p>\n<ul>\n<li>Formulario de Reclamos completado<\/li>\n<li>Factura detallada o desglose de servicios<\/li>\n<li>Comprobante de pago<\/li>\n<li>Reportes m\u00e9dicos y copias de recetas para ex\u00e1menes o medicamentos, si aplica<\/li>\n<\/ul>\n<p>[\/vc_column_text][vc_column_text css=\u00bb.vc_custom_1580419980983{border-bottom-width: 1px !important;border-bottom-color: #eaeaea !important;border-bottom-style: solid !important;}\u00bb]<span style=\"font-family: Raleway; font-size: 32px;\">Por Correo Postal<\/span>[\/vc_column_text][vc_column_text]Env\u00ede el Formulario de Reclamos completado junto con la documentaci\u00f3n requerida a:<\/p>\n<p>VIP Universal Medical Insurance Group<br \/>\nAttn: Claims Department<br \/>\n5301 Blue Lagoon Drive<br \/>\nSuite 500<br \/>\nMiami, FL 33126<br \/>\nUSA[\/vc_column_text][\/vc_column][vc_column width=\u00bb1\/2&#8243;][vc_column_text css=\u00bb.vc_custom_1580419966450{border-bottom-width: 1px !important;border-bottom-color: #eaeaea !important;border-bottom-style: solid !important;}\u00bb]<span style=\"font-family: Raleway; font-size: 32px;\">My VUMI<\/span>[\/vc_column_text][vc_column_text]<\/p>\n<p>Inicie sesi\u00f3n en el portal del asegurado MyVUMI&#x2122; a trav\u00e9s de <a href=\"http:\/\/www.myvumiportal.com\" target=\"_blank\" rel=\"noopener noreferrer\">www.myvumiportal.com<\/a> o descarga la aplicaci\u00f3n MyVUMI&#x2122;.<\/p>\n<p>[\/vc_column_text][vc_column_text]<img fetchpriority=\"high\" decoding=\"async\" class=\"alignnone wp-image-69\" src=\"https:\/\/www.vumimexico.com\/wp-content\/uploads\/2019\/06\/myVumi-App.png\" alt=\"\" width=\"240\" height=\"513\" \/>[\/vc_column_text][\/vc_column][\/vc_row]<\/p>\n<\/div>","protected":false},"excerpt":{"rendered":"<p>[vc_row full_width=\u00bbstretch_row\u00bb css=\u00bb.vc_custom_1578935732878{padding-top: 100px !important;padding-bottom: 100px !important;background-image: url(https:\/\/www.vumimexico.com\/wp-content\/uploads\/2020\/01\/header-claims.jpg?id=719) !important;background-position: center !important;background-repeat: no-repeat !important;background-size: cover !important;}\u00bb][vc_column][\/vc_column][\/vc_row][vc_row][vc_column][vc_column_text]Reclamaciones[\/vc_column_text][vc_column_text]Las reclamaciones pueden ser enviadas a trav\u00e9s de cualquiera de las siguientes opciones:[\/vc_column_text][\/vc_column][\/vc_row][vc_row gap=\u00bb35&#8243;][vc_column width=\u00bb1\/2&#8243;][vc_column_text css=\u00bb.vc_custom_1580419950805{border-bottom-width: 1px !important;border-bottom-color: #eaeaea !important;border-bottom-style: solid !important;}\u00bb]Por Correo Electr\u00f3nico[\/vc_column_text][vc_column_text]Env\u00ede un correo electr\u00f3nico a reclamos@vumigroup.com con la siguiente informaci\u00f3n: Formulario de Reclamos completado Factura detallada o desglose&hellip;<\/p>\n","protected":false},"author":5,"featured_media":0,"parent":0,"menu_order":0,"comment_status":"closed","ping_status":"closed","template":"","meta":{"footnotes":""},"class_list":["post-944","page","type-page","status-publish","hentry","description-off"],"_links":{"self":[{"href":"https:\/\/www.vumimexico.com\/es\/wp-json\/wp\/v2\/pages\/944","targetHints":{"allow":["GET"]}}],"collection":[{"href":"https:\/\/www.vumimexico.com\/es\/wp-json\/wp\/v2\/pages"}],"about":[{"href":"https:\/\/www.vumimexico.com\/es\/wp-json\/wp\/v2\/types\/page"}],"author":[{"embeddable":true,"href":"https:\/\/www.vumimexico.com\/es\/wp-json\/wp\/v2\/users\/5"}],"replies":[{"embeddable":true,"href":"https:\/\/www.vumimexico.com\/es\/wp-json\/wp\/v2\/comments?post=944"}],"version-history":[{"count":6,"href":"https:\/\/www.vumimexico.com\/es\/wp-json\/wp\/v2\/pages\/944\/revisions"}],"predecessor-version":[{"id":1601,"href":"https:\/\/www.vumimexico.com\/es\/wp-json\/wp\/v2\/pages\/944\/revisions\/1601"}],"wp:attachment":[{"href":"https:\/\/www.vumimexico.com\/es\/wp-json\/wp\/v2\/media?parent=944"}],"curies":[{"name":"wp","href":"https:\/\/api.w.org\/{rel}","templated":true}]}}