{"id":897,"date":"2020-01-17T03:50:59","date_gmt":"2020-01-17T03:50:59","guid":{"rendered":"https:\/\/www.vumigroup.com\/socios-operativos\/"},"modified":"2020-05-07T21:06:28","modified_gmt":"2020-05-07T21:06:28","slug":"socios-operativos","status":"publish","type":"page","link":"https:\/\/www.vumimexico.com\/es\/socios-operativos\/","title":{"rendered":"Socios Operativos"},"content":{"rendered":"<div class=\"wpb-content-wrapper\"><p>[vc_row full_width=\u00bbstretch_row\u00bb disable_element=\u00bbyes\u00bb css=\u00bb.vc_custom_1578931561324{background: #ffffff url(https:\/\/www.vumimexico.com\/wp-content\/uploads\/2019\/07\/icon_box_bg.png?id=195) !important;background-position: center !important;background-repeat: no-repeat !important;background-size: cover !important;}\u00bb][vc_column css_animation=\u00bbfadeIn\u00bb css=\u00bb.vc_custom_1562877728128{margin-top: 0px !important;}\u00bb][vc_row_inner css=\u00bb.vc_custom_1567808675436{padding-top: 100px !important;}\u00bb][vc_column_inner width=\u00bb1\/4&#8243;][vc_column_text css_animation=\u00bbfadeIn\u00bb]<img decoding=\"async\" class=\"size-full wp-image-445 aligncenter\" src=\"https:\/\/www.vumimexico.com\/wp-content\/uploads\/2019\/09\/icon-network.png\" alt=\"\" width=\"101\" height=\"101\" \/>[\/vc_column_text][\/vc_column_inner][vc_column_inner width=\u00bb1\/4&#8243;][vc_column_text css_animation=\u00bbfadeIn\u00bb]<img decoding=\"async\" class=\"wp-image-446 size-full aligncenter\" src=\"https:\/\/www.vumimexico.com\/wp-content\/uploads\/2019\/09\/icon-hand.png\" alt=\"\" width=\"101\" height=\"101\" \/>[\/vc_column_text][\/vc_column_inner][vc_column_inner width=\u00bb1\/4&#8243;][vc_column_text css_animation=\u00bbfadeIn\u00bb]<img decoding=\"async\" class=\"wp-image-444 size-full aligncenter\" src=\"https:\/\/www.vumimexico.com\/wp-content\/uploads\/2019\/09\/icon-world.png\" alt=\"\" width=\"101\" height=\"101\" \/>[\/vc_column_text][\/vc_column_inner][vc_column_inner width=\u00bb1\/4&#8243;][vc_column_text css_animation=\u00bbfadeIn\u00bb]<img loading=\"lazy\" decoding=\"async\" class=\"wp-image-447 size-full aligncenter\" src=\"https:\/\/www.vumimexico.com\/wp-content\/uploads\/2019\/09\/icon-sign.png\" alt=\"\" width=\"101\" height=\"101\" \/>[\/vc_column_text][\/vc_column_inner][\/vc_row_inner][vc_row_inner css=\u00bb.vc_custom_1567808764552{padding-bottom: 100px !important;}\u00bb][vc_column_inner css=\u00bb.vc_custom_1567809125842{padding-top: 40px !important;}\u00bb][vc_column_text]<\/p>\n<p style=\"text-align: center;\"><span style=\"font-family: Montserrat; font-size: 42px; letter-spacing: -1px;\">Las Ventajas de VUMI<\/span><\/p>\n<p>[\/vc_column_text]<div id=\"uvc-type-wrap-5527\"  data-ultimate-target='#uvc-type-wrap-5527'  data-responsive-json-new='{\"font-size\":\"desktop:35px;\",\"line-height\":\"\"}'  class=\"uvc-type-wrap  ult-adjust-bottom-margin ult-responsive  uvc-type-align-center uvc-type-no-prefix uvc-wrap-146441587369f70e3c60ac2\" style=\"text-align:center;\"><span id=\"typed-146441587369f70e3c60ac2\" class=\"ultimate-typed-main fancytext-typewriter-background-enabled\" style=\"color:#0f2e57;background:#ffffff; font-family:&#039;Lato&#039;;font-weight:300; text-transform: unset;\"><\/span><script type=\"text\/javascript\">\n\t\t\t\t\t\tjQuery(function($){ \n\t\t\t\t\t\t\t$(document).ready(function(){\n\t\t\t\t\t\t\t\tif( typeof jQuery(\"#typed-146441587369f70e3c60ac2\").typed == \"function\"){\n\t\t\t\t\t\t\t\t\t$(\"#typed-146441587369f70e3c60ac2\").typed({\n\t\t\t\t\t\t\t\t\t\tstrings: [\"Exclusive Propietary Networks Best Discounts at HospitalsIn-House Administration with Outstanding ServiceExtensive Experience in International Claims Management\"],\n\t\t\t\t\t\t\t\t\t\ttypeSpeed: 20,\n\t\t\t\t\t\t\t\t\t\tbackSpeed: 5,\n\t\t\t\t\t\t\t\t\t\tstartDelay: \"1500\",\n\t\t\t\t\t\t\t\t\t\tbackDelay: \"5000\",\n\t\t\t\t\t\t\t\t\t\tloop: true,\n\t\t\t\t\t\t\t\t\t\tloopCount: false,\n\t\t\t\t\t\t\t\t\t\tshowCursor: true,\n\t\t\t\t\t\t\t\t\t\tcursorChar: \"|\",\n\t\t\t\t\t\t\t\t\t\tattr: null\n\t\t\t\t\t\t\t\t\t});\n\t\t\t\t\t\t\t\t}\n\t\t\t\t\t\t\t});\n\t\t\t\t\t\t});\n\t\t\t\t\t<\/script><\/div>[\/vc_column_inner][\/vc_row_inner][\/vc_column][\/vc_row][vc_row full_width=\u00bbstretch_row\u00bb disable_element=\u00bbyes\u00bb css=\u00bb.vc_custom_1578931576793{padding-top: 50px !important;padding-bottom: 50px !important;background: #0f2e57 url(https:\/\/www.vumimexico.com\/wp-content\/uploads\/2019\/07\/blue-back-compromise-1600.jpg?id=215) !important;background-position: center !important;background-repeat: no-repeat !important;background-size: cover !important;}\u00bb][vc_column][vc_row_inner][vc_column_inner width=\u00bb1\/12&#8243;][\/vc_column_inner][vc_column_inner width=\u00bb2\/3&#8243;][vc_column_text]<\/p>\n<p style=\"font-size: 36px; line-height: 40px; font-family: Raleway !important; font-weight: 100 !important; text-align: left;\"><span style=\"color: #ffffff;\">Nuestro compromiso con el asegurado<\/span><\/p>\n<p>[\/vc_column_text][vc_column_text css=\u00bb.vc_custom_1565301854896{padding-right: 80px !important;}\u00bb]<\/p>\n<p style=\"color: #fff; line-height: 20px;\">&#8211; A highly dedicated and responsive team accountable to your needs.<br \/>\n&#8211; A company that is committed and investing in the Latin America and Caribbean markets.<br \/>\n&#8211; Service in multiple languages including Spanish, English, and Portuguese.<br \/>\n&#8211; Personalized service in which VUMI doctors will guide you through the underwriting, claim and second medical opinion processes:<\/p>\n<ul style=\"color: #fff; line-height: 20px;\">\n<li>VUMI doctors available by phone or Skype&#x2122; to interview clients<\/li>\n<li>VIP Protocol from admission to discharge<\/li>\n<li>Smart and flexible underwriting with multiple options to the applicant<\/li>\n<li>Immediate response to the underwriting evaluation<\/li>\n<\/ul>\n<p style=\"color: #fff; line-height: 20px;\">&#8211; Reasonable premium renewal increases due to effective cost control.<br \/>\n&#8211; Hospital providers affiliated in 5 continents.<br \/>\n&#8211; Loyalty program that eliminates deductible over the years.<br \/>\n&#8211; Wellness program that includes preventive care and bariatric surgery benefits<\/p>\n<p>[\/vc_column_text][\/vc_column_inner][vc_column_inner width=\u00bb1\/4&#8243;][\/vc_column_inner][\/vc_row_inner][\/vc_column][\/vc_row][vc_row][vc_column][vc_column_text]<span style=\"font-family: Raleway; font-size: 32px;\">Socios Operativos<\/span>[\/vc_column_text][vc_empty_space][\/vc_column][\/vc_row][vc_row gap=\u00bb35&#8243;][vc_column width=\u00bb1\/3&#8243;][vc_column_text css=\u00bb.vc_custom_1578933527277{margin-bottom: 10px !important;padding-bottom: 0px !important;}\u00bb]<img loading=\"lazy\" decoding=\"async\" class=\"aligncenter size-full wp-image-715\" src=\"https:\/\/www.vumimexico.com\/wp-content\/uploads\/2020\/01\/logo-savitar.jpg\" alt=\"\" width=\"340\" height=\"100\" srcset=\"https:\/\/www.vumimexico.com\/wp-content\/uploads\/2020\/01\/logo-savitar.jpg 340w, https:\/\/www.vumimexico.com\/wp-content\/uploads\/2020\/01\/logo-savitar-300x88.jpg 300w\" sizes=\"(max-width: 340px) 100vw, 340px\" \/>[\/vc_column_text][vc_column_text]<\/p>\n<div class=\"page\" title=\"Page 5\">\n<div class=\"section\">\n<div class=\"layoutArea\">\n<div class=\"column\">\n<p>Savitar Group es una compa\u00f1\u00eda de asistencia m\u00e9dica internacional con vasta experiencia en Europa y Asia.<\/p>\n<\/div>\n<\/div>\n<\/div>\n<\/div>\n<p>[\/vc_column_text][\/vc_column][vc_column width=\u00bb1\/3&#8243;][vc_column_text css=\u00bb.vc_custom_1578933539745{margin-bottom: 10px !important;}\u00bb]<img loading=\"lazy\" decoding=\"async\" class=\"aligncenter wp-image-711 size-full\" src=\"https:\/\/www.vumimexico.com\/wp-content\/uploads\/2020\/01\/logo-ap.jpg\" alt=\"\" width=\"340\" height=\"101\" srcset=\"https:\/\/www.vumimexico.com\/wp-content\/uploads\/2020\/01\/logo-ap.jpg 340w, https:\/\/www.vumimexico.com\/wp-content\/uploads\/2020\/01\/logo-ap-300x89.jpg 300w\" sizes=\"(max-width: 340px) 100vw, 340px\" \/>[\/vc_column_text][vc_column_text]<\/p>\n<div class=\"page\" title=\"Page 5\">\n<div class=\"section\">\n<div class=\"layoutArea\">\n<div class=\"column\">\n<p>AP Companies es la compa\u00f1\u00eda de asistencia m\u00e9dica independiente m\u00e1s grande con una vasta red de proveedores m\u00e9dicos en todo el mundo y m\u00e1s de 37.700 proveedores directos en 185 pa\u00edses.<\/p>\n<\/div>\n<\/div>\n<\/div>\n<\/div>\n<p>[\/vc_column_text][\/vc_column][vc_column width=\u00bb1\/3&#8243;][vc_column_text css=\u00bb.vc_custom_1578933554404{margin-bottom: 10px !important;}\u00bb]<img loading=\"lazy\" decoding=\"async\" class=\"aligncenter wp-image-716 size-full\" src=\"https:\/\/www.vumimexico.com\/wp-content\/uploads\/2020\/01\/logo-wa.jpg\" alt=\"\" width=\"340\" height=\"101\" srcset=\"https:\/\/www.vumimexico.com\/wp-content\/uploads\/2020\/01\/logo-wa.jpg 340w, https:\/\/www.vumimexico.com\/wp-content\/uploads\/2020\/01\/logo-wa-300x89.jpg 300w\" sizes=\"(max-width: 340px) 100vw, 340px\" \/>[\/vc_column_text][vc_column_text]<\/p>\n<div class=\"page\" title=\"Page 5\">\n<div class=\"section\">\n<div class=\"layoutArea\">\n<div class=\"column\">\n<p style=\"text-align: center;\">WA Globality es un administrador externo en Brasil.<\/p>\n<\/div>\n<\/div>\n<\/div>\n<\/div>\n<p>[\/vc_column_text][\/vc_column][\/vc_row][vc_row gap=\u00bb35&#8243;][vc_column width=\u00bb1\/3&#8243;][vc_column_text css=\u00bb.vc_custom_1578933561359{margin-bottom: 10px !important;}\u00bb]<img loading=\"lazy\" decoding=\"async\" class=\"aligncenter wp-image-710 size-full\" src=\"https:\/\/www.vumimexico.com\/wp-content\/uploads\/2020\/01\/logo-aetna.jpg\" alt=\"\" width=\"340\" height=\"101\" srcset=\"https:\/\/www.vumimexico.com\/wp-content\/uploads\/2020\/01\/logo-aetna.jpg 340w, https:\/\/www.vumimexico.com\/wp-content\/uploads\/2020\/01\/logo-aetna-300x89.jpg 300w\" sizes=\"(max-width: 340px) 100vw, 340px\" \/>[\/vc_column_text][vc_column_text]<\/p>\n<div class=\"page\" title=\"Page 5\">\n<div class=\"section\">\n<div class=\"layoutArea\">\n<div class=\"column\">\n<div class=\"page\" title=\"Page 5\">\n<div class=\"section\">\n<div class=\"layoutArea\">\n<div class=\"column\">\n<p>Aetna es una de las compa\u00f1\u00edas de beneficios de salud m\u00e1s grandes de EE.UU. Fundada en 1853, la red de hospitales de Aetna cuenta con m\u00e1s de 1.1 millones de profesionales de la salud y 5.500 hospitales alrededor de EE.UU.<\/p>\n<\/div>\n<\/div>\n<\/div>\n<\/div>\n<\/div>\n<\/div>\n<\/div>\n<\/div>\n<p>[\/vc_column_text][\/vc_column][vc_column width=\u00bb1\/3&#8243;][vc_column_text css=\u00bb.vc_custom_1578933566836{margin-bottom: 10px !important;}\u00bb]<img loading=\"lazy\" decoding=\"async\" class=\"aligncenter wp-image-714 size-full\" src=\"https:\/\/www.vumimexico.com\/wp-content\/uploads\/2020\/01\/logo-proact.jpg\" alt=\"\" width=\"340\" height=\"101\" srcset=\"https:\/\/www.vumimexico.com\/wp-content\/uploads\/2020\/01\/logo-proact.jpg 340w, https:\/\/www.vumimexico.com\/wp-content\/uploads\/2020\/01\/logo-proact-300x89.jpg 300w\" sizes=\"(max-width: 340px) 100vw, 340px\" \/>[\/vc_column_text][vc_column_text]<\/p>\n<div class=\"page\" title=\"Page 5\">\n<div class=\"section\">\n<div class=\"layoutArea\">\n<div class=\"column\">\n<div class=\"page\" title=\"Page 5\">\n<div class=\"section\">\n<div class=\"layoutArea\">\n<div class=\"column\">\n<p>ProAct es una compa\u00f1\u00eda de administraci\u00f3n de beneficios de farmacia que combina un servicio l\u00edder en la industria con lo \u00faltimo en tecnolog\u00eda, ofreciendo soluciones innovadoras, asequibles y flexibles de beneficios de medicamentos por prescripci\u00f3n.<\/p>\n<\/div>\n<\/div>\n<\/div>\n<\/div>\n<\/div>\n<\/div>\n<\/div>\n<\/div>\n<p>[\/vc_column_text][\/vc_column][vc_column width=\u00bb1\/3&#8243;][vc_column_text css=\u00bb.vc_custom_1578933572485{margin-bottom: 10px !important;}\u00bb]<img loading=\"lazy\" decoding=\"async\" class=\"aligncenter wp-image-712 size-full\" src=\"https:\/\/www.vumimexico.com\/wp-content\/uploads\/2020\/01\/logo-bdo.jpg\" alt=\"\" width=\"340\" height=\"101\" srcset=\"https:\/\/www.vumimexico.com\/wp-content\/uploads\/2020\/01\/logo-bdo.jpg 340w, https:\/\/www.vumimexico.com\/wp-content\/uploads\/2020\/01\/logo-bdo-300x89.jpg 300w\" sizes=\"(max-width: 340px) 100vw, 340px\" \/>[\/vc_column_text][vc_column_text]<\/p>\n<div class=\"page\" title=\"Page 5\">\n<div class=\"section\">\n<div class=\"layoutArea\">\n<div class=\"column\">\n<div class=\"page\" title=\"Page 5\">\n<div class=\"section\">\n<div class=\"layoutArea\">\n<div class=\"column\">\n<p>BDO es una organizaci\u00f3n internacional l\u00edder de consultor\u00eda, asesor\u00eda financiera y contabilidad con una red global de 1.328 oficinas en 151 pa\u00edses.<\/p>\n<\/div>\n<\/div>\n<\/div>\n<\/div>\n<\/div>\n<\/div>\n<\/div>\n<\/div>\n<p>[\/vc_column_text][\/vc_column][\/vc_row][vc_row gap=\u00bb35&#8243;][vc_column width=\u00bb1\/3&#8243;][vc_column_text css=\u00bb.vc_custom_1582751732580{margin-bottom: 20px !important;padding-top: 17px !important;}\u00bb]<img loading=\"lazy\" decoding=\"async\" class=\"wp-image-205 aligncenter\" src=\"https:\/\/www.vumimexico.com\/wp-content\/uploads\/2019\/07\/NHSI-300-logo.png\" alt=\"\" width=\"250\" height=\"75\" \/>[\/vc_column_text][vc_column_text]Compa\u00f1\u00eda internacional de contenci\u00f3n de costos que sirve a muchas de las compa\u00f1\u00edas de seguros de salud m\u00e1s grandes del mundo.[\/vc_column_text][\/vc_column][vc_column width=\u00bb1\/3&#8243;][vc_column_text css=\u00bb.vc_custom_1582751712452{margin-bottom: 20px !important;padding-top: 17px !important;}\u00bb]<img loading=\"lazy\" decoding=\"async\" class=\"wp-image-204 aligncenter\" src=\"https:\/\/www.vumimexico.com\/wp-content\/uploads\/2019\/07\/IMS-300-logo.png\" alt=\"\" width=\"247\" height=\"74\" \/>[\/vc_column_text][vc_column_text]Red de la Organizaci\u00f3n de Proveedores Preferidos (PPO) de EE. UU. Que tambi\u00e9n proporciona servicios de administraci\u00f3n de PPO.[\/vc_column_text][\/vc_column][vc_column width=\u00bb1\/3&#8243;][vc_column_text css=\u00bb.vc_custom_1578933578466{margin-bottom: 10px !important;}\u00bb]<img loading=\"lazy\" decoding=\"async\" class=\"aligncenter wp-image-713 size-full\" src=\"https:\/\/www.vumimexico.com\/wp-content\/uploads\/2020\/01\/logo-jackson.jpg\" alt=\"\" width=\"340\" height=\"101\" srcset=\"https:\/\/www.vumimexico.com\/wp-content\/uploads\/2020\/01\/logo-jackson.jpg 340w, https:\/\/www.vumimexico.com\/wp-content\/uploads\/2020\/01\/logo-jackson-300x89.jpg 300w\" sizes=\"(max-width: 340px) 100vw, 340px\" \/>[\/vc_column_text][vc_column_text]<\/p>\n<div class=\"page\" title=\"Page 5\">\n<div class=\"section\">\n<div class=\"layoutArea\">\n<div class=\"column\">\n<div class=\"page\" title=\"Page 5\">\n<div class=\"section\">\n<div class=\"layoutArea\">\n<div class=\"column\">\n<div class=\"page\" title=\"Page 5\">\n<div class=\"section\">\n<div class=\"layoutArea\">\n<div class=\"column\">\n<p>Jackson International conecta a los pacientes que necesitan tratamientos especializados con uno de los sistemas de salud m\u00e1s prestigiosos de EE.UU.<\/p>\n<\/div>\n<\/div>\n<\/div>\n<\/div>\n<\/div>\n<\/div>\n<\/div>\n<\/div>\n<\/div>\n<\/div>\n<\/div>\n<\/div>\n<p>[\/vc_column_text][\/vc_column][\/vc_row][vc_row gap=\u00bb35&#8243;][vc_column width=\u00bb1\/3&#8243;][vc_column_text css=\u00bb.vc_custom_1588884997959{margin-bottom: 20px !important;padding-top: 17px !important;padding-right: 20px !important;}\u00bb]<img loading=\"lazy\" decoding=\"async\" class=\"wp-image-1786 aligncenter\" src=\"https:\/\/www.vumimexico.com\/wp-content\/uploads\/2020\/05\/MediGuide-300x151.png\" alt=\"\" width=\"209\" height=\"100\" \/>[\/vc_column_text][vc_column_text]En asociaci\u00f3n con MediGuide International, un proveedor de opiniones m\u00e9dicas de clase mundial con base en EE. UU., VUMI\u00ae ofrece la Segunda Opini\u00f3n M\u00e9dica VIP como un servicio complementario en todos sus planes.[\/vc_column_text][\/vc_column][vc_column width=\u00bb1\/3&#8243;][\/vc_column][vc_column width=\u00bb1\/3&#8243;][\/vc_column][\/vc_row][vc_row full_width=\u00bbstretch_row\u00bb css=\u00bb.vc_custom_1578933684906{margin-top: 80px !important;padding-top: 100px !important;padding-bottom: 100px !important;background-color: #0f2e57 !important;}\u00bb][vc_column width=\u00bb1\/2&#8243;][vc_column_text]<\/p>\n<p style=\"font-size: 36px; line-height: 40px; font-family: Raleway !important; font-weight: 100 !important; text-align: left;\"><span style=\"color: #ffffff;\">Centro de Recepci\u00f3n VUMI\u00ae para Pacientes Internacionales<\/span><\/p>\n<p>[\/vc_column_text][vc_column_text]<span style=\"color: #ffffff;\">VUMI\u00ae sabe lo estresante que es estar fuera de casa para recibir atenci\u00f3n m\u00e9dica de calidad. VUMI\u00ae se asoci\u00f3 con el Jackson Health System para poner a disposici\u00f3n el Centro de Recepci\u00f3n VUMI para Pacientes Internacionales en el Hospital Jackson Memorial en Miami, Florida en Estados Unidos. VUMI\u00ae form\u00f3 esta alianza estrat\u00e9gica como parte de su compromiso de ofrecer un servicio VIP para que los asegurados y sus familias reciban la mejor atenci\u00f3n en cada paso del proceso durante su tratamiento.<br \/>\n<\/span><\/p>\n<p><span style=\"color: #ffffff;\">El centro es un oasis exclusivo que cuenta con servicios hospitalarios de primera clase, adem\u00e1s de lujosas salas de espera, un centro de negocios de servicio completo y cuartos de examinaci\u00f3n privados. Coordinadores de hospitalidad est\u00e1n disponibles en el centro las 24 horas del d\u00eda para ayudar con todos los aspectos de la estad\u00eda del paciente.<\/span>[\/vc_column_text][\/vc_column][vc_column width=\u00bb1\/2&#8243; css=\u00bb.vc_custom_1562884214757{padding-top: 100px !important;}\u00bb]<div id=\"modal-trg-txt-wrap-4852\" class=\"ult-modal-input-wrapper ult-adjust-bottom-margin    \" data-keypress-control=\"keypress-control-enable\" data-overlay-control=\"overlay-control-enable\"><img decoding=\"async\" src=\"https:\/\/www.vumimexico.com\/wp-content\/uploads\/2019\/07\/vumi-jackson-health@2x.png\" alt=\"null\" data-class-id=\"content-69f70e3c60dd29-77312254\" class=\"ult-modal-img overlay-show ult-align-center ult-modal-image-\" data-overlay-class=\"overlay-fade\"\/><\/div>\n<div class=\"ult-overlay content-69f70e3c60dd29-77312254 \" data-class=\"content-69f70e3c60dd29-77312254\" id=\"button-click-overlay\" style=\"background:rgba(0,0,0,0.95); display:none;\">\n\t<div class=\"ult_modal ult-fade ult-medium\">\n\t<div class=\"ult-overlay-close popup-top-right\" style=\"width:40px;height:40px;  \"><div class=\"ult-overlay-close-inside\">Close<\/div><\/div>\n\t\t<div id=\"ult-modal-wrap-8620\" class=\"ult_modal-content ult-hide\" style=\"border-style:solid;border-width:2px;border-radius:0px;border-color:#333333;\">\n\t\t\t<div  data-ultimate-target='#ult-modal-wrap-8620 .ult_modal-body'  data-responsive-json-new='{\"font-size\":\"\",\"line-height\":\"\"}'  class=\"ult_modal-body ult-responsive ult-youtube\" style=\"background:rgba(0,0,0,0.95);\">\n\t\t\t<iframe src=\"https:\/\/www.youtube.com\/embed\/zJv8flJiN6M?rel=0\" width=\"560\" height=\"315\" frameborder=\"0\" allowfullscreen=\"allowfullscreen\"><span data-mce-type=\"bookmark\" style=\"display: inline-block; width: 0px; overflow: hidden; line-height: 0;\" class=\"mce_SELRES_start\">\ufeff<\/span><span data-mce-type=\"bookmark\" style=\"display: inline-block; width: 0px; overflow: hidden; line-height: 0;\" class=\"mce_SELRES_start\">\ufeff<\/span><\/iframe>\n\t\t\t<\/div>\n\t<\/div>\n\t<\/div>\n<\/div>[\/vc_column][\/vc_row]<\/p>\n<\/div>","protected":false},"excerpt":{"rendered":"<p>[vc_row full_width=\u00bbstretch_row\u00bb disable_element=\u00bbyes\u00bb css=\u00bb.vc_custom_1578931561324{background: #ffffff url(https:\/\/www.vumimexico.com\/wp-content\/uploads\/2019\/07\/icon_box_bg.png?id=195) !important;background-position: center !important;background-repeat: no-repeat !important;background-size: cover !important;}\u00bb][vc_column css_animation=\u00bbfadeIn\u00bb css=\u00bb.vc_custom_1562877728128{margin-top: 0px !important;}\u00bb][vc_row_inner css=\u00bb.vc_custom_1567808675436{padding-top: 100px !important;}\u00bb][vc_column_inner width=\u00bb1\/4&#8243;][vc_column_text css_animation=\u00bbfadeIn\u00bb][\/vc_column_text][\/vc_column_inner][vc_column_inner width=\u00bb1\/4&#8243;][vc_column_text css_animation=\u00bbfadeIn\u00bb][\/vc_column_text][\/vc_column_inner][vc_column_inner width=\u00bb1\/4&#8243;][vc_column_text css_animation=\u00bbfadeIn\u00bb][\/vc_column_text][\/vc_column_inner][vc_column_inner width=\u00bb1\/4&#8243;][vc_column_text css_animation=\u00bbfadeIn\u00bb][\/vc_column_text][\/vc_column_inner][\/vc_row_inner][vc_row_inner css=\u00bb.vc_custom_1567808764552{padding-bottom: 100px !important;}\u00bb][vc_column_inner css=\u00bb.vc_custom_1567809125842{padding-top: 40px !important;}\u00bb][vc_column_text] Las Ventajas de VUMI [\/vc_column_text][\/vc_column_inner][\/vc_row_inner][\/vc_column][\/vc_row][vc_row full_width=\u00bbstretch_row\u00bb disable_element=\u00bbyes\u00bb css=\u00bb.vc_custom_1578931576793{padding-top: 50px !important;padding-bottom: 50px !important;background: #0f2e57 url(https:\/\/www.vumimexico.com\/wp-content\/uploads\/2019\/07\/blue-back-compromise-1600.jpg?id=215) !important;background-position: center !important;background-repeat: no-repeat !important;background-size: cover !important;}\u00bb][vc_column][vc_row_inner][vc_column_inner&hellip;<\/p>\n","protected":false},"author":5,"featured_media":0,"parent":0,"menu_order":0,"comment_status":"closed","ping_status":"closed","template":"","meta":{"footnotes":""},"class_list":["post-897","page","type-page","status-publish","hentry","description-off"],"_links":{"self":[{"href":"https:\/\/www.vumimexico.com\/es\/wp-json\/wp\/v2\/pages\/897","targetHints":{"allow":["GET"]}}],"collection":[{"href":"https:\/\/www.vumimexico.com\/es\/wp-json\/wp\/v2\/pages"}],"about":[{"href":"https:\/\/www.vumimexico.com\/es\/wp-json\/wp\/v2\/types\/page"}],"author":[{"embeddable":true,"href":"https:\/\/www.vumimexico.com\/es\/wp-json\/wp\/v2\/users\/5"}],"replies":[{"embeddable":true,"href":"https:\/\/www.vumimexico.com\/es\/wp-json\/wp\/v2\/comments?post=897"}],"version-history":[{"count":15,"href":"https:\/\/www.vumimexico.com\/es\/wp-json\/wp\/v2\/pages\/897\/revisions"}],"predecessor-version":[{"id":1788,"href":"https:\/\/www.vumimexico.com\/es\/wp-json\/wp\/v2\/pages\/897\/revisions\/1788"}],"wp:attachment":[{"href":"https:\/\/www.vumimexico.com\/es\/wp-json\/wp\/v2\/media?parent=897"}],"curies":[{"name":"wp","href":"https:\/\/api.w.org\/{rel}","templated":true}]}}