{"id":883,"date":"2020-01-17T03:19:43","date_gmt":"2020-01-17T03:19:43","guid":{"rendered":"https:\/\/www.vumigroup.com\/quienes-somos\/"},"modified":"2025-02-19T10:24:29","modified_gmt":"2025-02-19T15:24:29","slug":"quienes-somos","status":"publish","type":"page","link":"https:\/\/www.vumimexico.com\/es\/quienes-somos\/","title":{"rendered":"Qui\u00e9nes Somos"},"content":{"rendered":"<div class=\"wpb-content-wrapper\"><p>[vc_row css=\u00bb.vc_custom_1553810042802{padding-top: 40px !important;}\u00bb][vc_column][vc_column_text]<\/p>\n<p style=\"font-size: 36px; line-height: 40px; font-family: Raleway !important; font-weight: 100 !important; text-align: left;\">Excelencia en el Cuidado de Salud<\/p>\n<p>[\/vc_column_text][\/vc_column][\/vc_row][vc_row gap=\u00bb35&#8243;][vc_column width=\u00bb1\/2&#8243;][vc_column_text]VUMI<sup>\u00ae<\/sup> es una compa\u00f1\u00eda de seguros m\u00e9dicos internacionales que ofrece seguros exclusivos para gastos m\u00e9dicos mayores y servicios m\u00e9dicos VIP a clientes privados y corporativos alrededor del mundo.<\/p>\n<p>Los productos de VUMI<sup>\u00ae<\/sup> est\u00e1n dise\u00f1ados para brindarle beneficios \u00fanicos, una amplia cobertura mundial, protecci\u00f3n a su patrimonio y sobre todo la tranquilidad de que estar\u00e1 cubierto en todo momento \u2013 en cualquier lugar del mundo.[\/vc_column_text][\/vc_column][vc_column width=\u00bb1\/2&#8243;][vc_column_text css=\u00bb\u00bb]Con oficinas operativas regionales alrededor del mundo, VUMI<sup>\u00ae<\/sup> es una compa\u00f1\u00eda privada y forma parte de un grupo internacional de administraci\u00f3n de servicios de salud.<\/p>\n<p>El grupo tiene 40 a\u00f1os de experiencia en la industria de cuidados de la salud y m\u00e1s de <span data-olk-copy-source=\"MessageBody\">550<\/span> empleados de diferentes nacionalidades.[\/vc_column_text][\/vc_column][vc_column][vc_single_image image=\u00bb2930&#8243; img_size=\u00bbfull\u00bb alignment=\u00bbcenter\u00bb css=\u00bb\u00bb][\/vc_column][\/vc_row][vc_row css=\u00bb.vc_custom_1553810042802{padding-top: 40px !important;}\u00bb][vc_column][vc_column_text]<\/p>\n<p style=\"font-size: 36px; line-height: 40px; font-family: Raleway !important; font-weight: 100 !important; text-align: center;\">Grupo Empresarial VUMI<sup>\u00ae<\/sup><\/p>\n<p>[\/vc_column_text][\/vc_column][\/vc_row][vc_row][vc_column][vc_row_inner css=\u00bb.vc_custom_1553806753871{border-bottom-width: 1px !important;border-bottom-color: #f2f2f2 !important;border-bottom-style: solid !important;}\u00bb][vc_column_inner width=\u00bb1\/4&#8243; offset=\u00bbvc_col-xs-6&#8243;][vc_column_text css=\u00bb.vc_custom_1562614818581{padding-top: 30px !important;}\u00bb]<\/p>\n<p style=\"text-align: center;\"><span style=\"color: #005886; background-color: #ededed; padding: 15px; font-size: 42px;\"><strong><span style=\"font-family: Lato;\">1985<\/span><\/strong><\/span><\/p>\n<p>[\/vc_column_text][\/vc_column_inner][vc_column_inner width=\u00bb1\/4&#8243; offset=\u00bbvc_col-xs-6&#8243;][vc_single_image image=\u00bb2581&#8243; img_size=\u00bbfull\u00bb onclick=\u00bbcustom_link\u00bb link=\u00bbhttps:\/\/www.abadmin.com\/\u00bb][\/vc_column_inner][vc_column_inner width=\u00bb1\/2&#8243; offset=\u00bbvc_col-xs-12&#8243;][vc_column_text css=\u00bb.vc_custom_1562613760656{margin-bottom: 15px !important;padding-top: 15px !important;}\u00bb]<span style=\"font-family: Lato;\"><strong>Assured Benefits Administrators<\/strong><\/span><\/p>\n<p class=\"p1\"><span style=\"font-family: Lato; font-size: 14px;\">Administrador externo que ofrece servicios administrativos para el cuidado de la salud a compa\u00f1\u00edas peque\u00f1as y medianas en EE.UU.<\/span><\/p>\n<p>[\/vc_column_text][\/vc_column_inner][\/vc_row_inner][vc_row_inner css=\u00bb.vc_custom_1553806753871{border-bottom-width: 1px !important;border-bottom-color: #f2f2f2 !important;border-bottom-style: solid !important;}\u00bb][vc_column_inner width=\u00bb1\/4&#8243;][vc_column_text css=\u00bb.vc_custom_1553807240107{padding-top: 30px !important;}\u00bb]<\/p>\n<p style=\"text-align: center;\"><span style=\"color: #005886; background-color: #ededed; padding: 15px; font-size: 42px;\"><strong><span style=\"font-family: Lato;\">1992<\/span><\/strong><\/span><\/p>\n<p>[\/vc_column_text][\/vc_column_inner][vc_column_inner width=\u00bb1\/4&#8243;][vc_single_image image=\u00bb2586&#8243; img_size=\u00bbfull\u00bb onclick=\u00bbcustom_link\u00bb link=\u00bbhttp:\/\/www.nationalppo.com\u00bb][\/vc_column_inner][vc_column_inner width=\u00bb1\/2&#8243;][vc_column_text css=\u00bb.vc_custom_1562605646763{margin-bottom: 15px !important;padding-top: 15px !important;}\u00bb]<span style=\"font-family: Lato;\"><strong>National Healthcare Solutions, Inc.<\/strong><\/span><\/p>\n<p class=\"p1\"><span style=\"font-family: Lato; font-size: 14px;\">Compa\u00f1\u00eda de contenci\u00f3n de costos que presta servicios a varias de las aseguradoras de salud m\u00e1s grandes del mundo.<\/span><\/p>\n<p>[\/vc_column_text][\/vc_column_inner][\/vc_row_inner][vc_row_inner css=\u00bb.vc_custom_1556564718993{border-bottom-width: 1px !important;border-bottom-color: #f2f2f2 !important;border-bottom-style: solid !important;}\u00bb][vc_column_inner width=\u00bb1\/4&#8243; css=\u00bb.vc_custom_1562604485388{padding-top: 15px !important;}\u00bb][vc_column_text css=\u00bb.vc_custom_1556564765391{padding-top: 30px !important;}\u00bb]<\/p>\n<p style=\"text-align: center;\"><span style=\"color: #005886; background-color: #ededed; padding: 15px; font-size: 42px;\"><strong><span style=\"font-family: Lato;\">1993<\/span><\/strong><\/span><\/p>\n<p>[\/vc_column_text][\/vc_column_inner][vc_column_inner width=\u00bb1\/4&#8243; css=\u00bb.vc_custom_1562604906715{margin-bottom: 0px !important;padding-top: 15px !important;}\u00bb][vc_single_image image=\u00bb2584&#8243; img_size=\u00bbfull\u00bb onclick=\u00bbcustom_link\u00bb link=\u00bbhttp:\/\/www.imsppo.com\/\u00bb][\/vc_column_inner][vc_column_inner width=\u00bb1\/2&#8243; css=\u00bb.vc_custom_1562604496066{padding-top: 15px !important;}\u00bb][vc_column_text css=\u00bb.vc_custom_1562605179493{margin-bottom: 15px !important;}\u00bb]<span style=\"font-family: Lato;\"><strong>Independent Medical Systems<\/strong><br \/>\nRed preferencial de proveedores de Estados Unidos, que tambi\u00e9n presta servicios de administraci\u00f3n de redes.<\/span>[\/vc_column_text][\/vc_column_inner][\/vc_row_inner][vc_row_inner css=\u00bb.vc_custom_1553806753871{border-bottom-width: 1px !important;border-bottom-color: #f2f2f2 !important;border-bottom-style: solid !important;}\u00bb][vc_column_inner width=\u00bb1\/4&#8243; css=\u00bb.vc_custom_1562604234106{padding-top: 15px !important;}\u00bb][vc_column_text css=\u00bb.vc_custom_1553807639368{padding-top: 30px !important;}\u00bb]<\/p>\n<p style=\"text-align: center;\"><span style=\"color: #005886; background-color: #ededed; padding: 15px; font-size: 42px;\"><strong><span style=\"font-family: Lato;\">2012<\/span><\/strong><\/span><\/p>\n<p>[\/vc_column_text][\/vc_column_inner][vc_column_inner width=\u00bb1\/4&#8243; css=\u00bb.vc_custom_1562613526348{margin-bottom: 0px !important;padding-top: 15px !important;}\u00bb][vc_single_image image=\u00bb2591&#8243; img_size=\u00bbfull\u00bb onclick=\u00bbcustom_link\u00bb link=\u00bbhttps:\/\/www.vumigroup.com\u00bb][\/vc_column_inner][vc_column_inner width=\u00bb1\/2&#8243; css=\u00bb.vc_custom_1562604247913{padding-top: 15px !important;}\u00bb][vc_column_text css=\u00bb.vc_custom_1645563772234{margin-bottom: 15px !important;}\u00bb]<span style=\"font-family: Lato;\"><strong>VUMI<sup>\u00ae<\/sup> Group, I.I.<\/strong><br \/>\nCompa\u00f1\u00eda de seguros m\u00e9dicos internacionales que ofrece servicios a clientes privados y corporativos alrededor del mundo.<\/span>[\/vc_column_text][\/vc_column_inner][\/vc_row_inner][vc_row_inner css=\u00bb.vc_custom_1553806753871{border-bottom-width: 1px !important;border-bottom-color: #f2f2f2 !important;border-bottom-style: solid !important;}\u00bb][vc_column_inner width=\u00bb1\/4&#8243; css=\u00bb.vc_custom_1562604262066{padding-top: 15px !important;}\u00bb][vc_column_text css=\u00bb.vc_custom_1553807766852{padding-top: 30px !important;}\u00bb]<\/p>\n<p style=\"text-align: center;\"><span style=\"color: #005886; background-color: #ededed; padding: 15px; font-size: 42px;\"><strong><span style=\"font-family: Lato;\">2015<\/span><\/strong><\/span><\/p>\n<p>[\/vc_column_text][\/vc_column_inner][vc_column_inner width=\u00bb1\/4&#8243; css=\u00bb.vc_custom_1562604268142{padding-top: 15px !important;}\u00bb][vc_single_image image=\u00bb2589&#8243; img_size=\u00bbfull\u00bb onclick=\u00bbcustom_link\u00bb link=\u00bbhttp:\/\/www.vumilatina.com\u00bb][\/vc_column_inner][vc_column_inner width=\u00bb1\/2&#8243; css=\u00bb.vc_custom_1562604272906{padding-top: 15px !important;}\u00bb][vc_column_text css=\u00bb.vc_custom_1578587426290{margin-bottom: 15px !important;}\u00bb]<span style=\"font-family: Lato;\"><strong>VUMILATINA\u00a0 Medicina Prepagada S.A.<\/strong><br \/>\nCompa\u00f1\u00eda de medicina prepagada que ofrece cobertura m\u00e9dica mundial a individuos, expatriados y corporaciones en Ecuador.<\/span>[\/vc_column_text][\/vc_column_inner][\/vc_row_inner][vc_row_inner css=\u00bb.vc_custom_1553806753871{border-bottom-width: 1px !important;border-bottom-color: #f2f2f2 !important;border-bottom-style: solid !important;}\u00bb][vc_column_inner width=\u00bb1\/4&#8243; css=\u00bb.vc_custom_1562604361196{padding-top: 15px !important;}\u00bb][vc_column_text css=\u00bb.vc_custom_1562605406770{margin-bottom: 15px !important;padding-top: 30px !important;}\u00bb]<\/p>\n<p style=\"text-align: center;\"><span style=\"color: #005886; background-color: #ededed; padding: 15px; font-size: 42px;\"><strong><span style=\"font-family: Lato;\">2017<\/span><\/strong><\/span><\/p>\n<p>[\/vc_column_text][\/vc_column_inner][vc_column_inner width=\u00bb1\/4&#8243; css=\u00bb.vc_custom_1562604369812{padding-top: 15px !important;}\u00bb][vc_single_image image=\u00bb2582&#8243; img_size=\u00bbfull\u00bb onclick=\u00bbcustom_link\u00bb link=\u00bbhttps:\/\/www.dallasrm.com\u00bb][\/vc_column_inner][vc_column_inner width=\u00bb1\/2&#8243; css=\u00bb.vc_custom_1562604374780{padding-top: 15px !important;}\u00bb][vc_column_text css=\u00bb.vc_custom_1562605397640{margin-bottom: 15px !important;}\u00bb]<span style=\"font-family: Lato;\"><strong>Dallas Risk Management<\/strong><br \/>\nAdministradora general de servicio completo de evaluaci\u00f3n de riesgos para coberturas de contenci\u00f3n de p\u00e9rdidas para empleadores.<\/span>[\/vc_column_text][\/vc_column_inner][\/vc_row_inner][vc_row_inner css=\u00bb.vc_custom_1579203102305{border-bottom-width: 1px !important;border-bottom-color: #f2f2f2 !important;border-bottom-style: solid !important;}\u00bb][vc_column_inner width=\u00bb1\/4&#8243; css=\u00bb.vc_custom_1562604387174{padding-top: 15px !important;}\u00bb][vc_column_text css=\u00bb.vc_custom_1579198191235{padding-top: 30px !important;}\u00bb]<\/p>\n<p style=\"text-align: center;\"><span style=\"color: #005886; background-color: #ededed; padding: 15px; font-size: 42px;\"><strong><span style=\"font-family: Lato;\">2019<\/span><\/strong><\/span><\/p>\n<p>[\/vc_column_text][\/vc_column_inner][vc_column_inner width=\u00bb1\/4&#8243; css=\u00bb.vc_custom_1562604391273{padding-top: 15px !important;}\u00bb][vc_single_image image=\u00bb2590&#8243; img_size=\u00bbfull\u00bb onclick=\u00bbcustom_link\u00bb link=\u00bbhttp:\/\/www.laregionalvumi.com\/\u00bb][\/vc_column_inner][vc_column_inner width=\u00bb1\/2&#8243; css=\u00bb.vc_custom_1562604398508{padding-top: 15px !important;}\u00bb][vc_column_text]<span style=\"font-family: Lato;\"><strong>La Regional de Seguros | VUMI<\/strong><br \/>\nAlianza estrat\u00e9gica con La Regional de Seguros, S.A. que brinda cobertura m\u00e9dica local e internacional a personas y empresas en Panam\u00e1.<\/span>[\/vc_column_text][\/vc_column_inner][\/vc_row_inner][vc_row_inner css=\u00bb.vc_custom_1663276396291{border-bottom-width: 1px !important;border-bottom-color: #f4f2f0 !important;border-bottom-style: solid !important;}\u00bb][vc_column_inner width=\u00bb1\/4&#8243; css=\u00bb.vc_custom_1562604387174{padding-top: 15px !important;}\u00bb][vc_column_text css=\u00bb.vc_custom_1579198191235{padding-top: 30px !important;}\u00bb]<\/p>\n<p style=\"text-align: center;\"><span style=\"color: #005886; background-color: #ededed; padding: 15px; font-size: 42px;\"><strong><span style=\"font-family: Lato;\">2019<\/span><\/strong><\/span><\/p>\n<p>[\/vc_column_text][\/vc_column_inner][vc_column_inner width=\u00bb1\/4&#8243; css=\u00bb.vc_custom_1562604391273{padding-top: 15px !important;}\u00bb][vc_single_image image=\u00bb2588&#8243; img_size=\u00bbfull\u00bb onclick=\u00bbcustom_link\u00bb link=\u00bbhttps:\/\/www.vumicanada.com\/\u00bb][\/vc_column_inner][vc_column_inner width=\u00bb1\/2&#8243; css=\u00bb.vc_custom_1562604398508{padding-top: 15px !important;}\u00bb][vc_column_text]<span style=\"font-family: Lato;\"><strong>VUMI<sup>\u00ae<\/sup> Canad\u00e1<\/strong><br \/>\nAsociaci\u00f3n con Humania Assurance, Inc. que ofrece cobertura m\u00e9dica mundial para expandir las opciones de atenci\u00f3n m\u00e9dica de los canadienses.<\/span>[\/vc_column_text][\/vc_column_inner][\/vc_row_inner][vc_row_inner css=\u00bb.vc_custom_1663276413873{border-bottom-width: 1px !important;border-bottom-color: #f4f2f0 !important;border-bottom-style: solid !important;}\u00bb][vc_column_inner width=\u00bb1\/4&#8243; css=\u00bb.vc_custom_1562604387174{padding-top: 15px !important;}\u00bb][vc_column_text css=\u00bb.vc_custom_1645563210249{padding-top: 30px !important;}\u00bb]<\/p>\n<p style=\"text-align: center;\"><span style=\"color: #005886; background-color: #ededed; padding: 15px; font-size: 42px;\"><strong><span style=\"font-family: Lato;\">2020<\/span><\/strong><\/span><\/p>\n<p>[\/vc_column_text][\/vc_column_inner][vc_column_inner width=\u00bb1\/4&#8243; css=\u00bb.vc_custom_1562604391273{padding-top: 15px !important;}\u00bb][vc_single_image image=\u00bb2591&#8243; img_size=\u00bbfull\u00bb onclick=\u00bbcustom_link\u00bb link=\u00bbhttps:\/\/www.vumigroup.com\u00bb][\/vc_column_inner][vc_column_inner width=\u00bb1\/2&#8243; css=\u00bb.vc_custom_1562604398508{padding-top: 15px !important;}\u00bb][vc_column_text]<span style=\"font-family: Lato;\"><strong>VUMI<sup>\u00ae<\/sup> Global<\/strong><br \/>\nVUMI<sup>\u00ae<\/sup> Global Services FZ-LLC es una compa\u00f1\u00eda de administraci\u00f3n de servicios de salud que ofrece cobertura m\u00e9dica para el Medio Oriente, \u00c1frica, Asia y Ocean\u00eda.<\/span>[\/vc_column_text][\/vc_column_inner][\/vc_row_inner][vc_row_inner css=\u00bb.vc_custom_1663276429939{border-bottom-width: 1px !important;border-bottom-color: #f4f2f0 !important;border-bottom-style: solid !important;}\u00bb][vc_column_inner width=\u00bb1\/4&#8243; css=\u00bb.vc_custom_1562604387174{padding-top: 15px !important;}\u00bb][vc_column_text css=\u00bb.vc_custom_1645563830623{padding-top: 30px !important;}\u00bb]<\/p>\n<p style=\"text-align: center;\"><span style=\"color: #005886; background-color: #ededed; padding: 15px; font-size: 42px;\"><strong><span style=\"font-family: Lato;\">2021<\/span><\/strong><\/span><\/p>\n<p>[\/vc_column_text][\/vc_column_inner][vc_column_inner width=\u00bb1\/4&#8243; css=\u00bb.vc_custom_1562604391273{padding-top: 15px !important;}\u00bb][vc_single_image image=\u00bb2587&#8243; img_size=\u00bbfull\u00bb onclick=\u00bbcustom_link\u00bb link=\u00bbhttps:\/\/verusrx.myrxplan.com\u00bb][\/vc_column_inner][vc_column_inner width=\u00bb1\/2&#8243; css=\u00bb.vc_custom_1562604398508{padding-top: 15px !important;}\u00bb][vc_column_text]<span style=\"font-family: Lato;\"><strong>VerusRx<\/strong><br \/>\nDedicada a enfocarse principalmente en el cliente, VerusRX integra data de farmacias con el proceso de gesti\u00f3n m\u00e9dica para ofrecer los m\u00e1s altos est\u00e1ndares de atenci\u00f3n con terapias cl\u00ednicamente apropiadas.<\/span>[\/vc_column_text][\/vc_column_inner][\/vc_row_inner][vc_row_inner css=\u00bb.vc_custom_1579203192537{border-bottom-width: 1px !important;border-bottom-color: #f2f2f2 !important;border-bottom-style: solid !important;}\u00bb][vc_column_inner width=\u00bb1\/4&#8243; css=\u00bb.vc_custom_1562604387174{padding-top: 15px !important;}\u00bb][vc_column_text css=\u00bb.vc_custom_1663250616299{padding-top: 30px !important;}\u00bb]<\/p>\n<p style=\"text-align: center;\"><span style=\"color: #005886; background-color: #ededed; padding: 15px; font-size: 42px;\"><strong><span style=\"font-family: Lato;\">2021<\/span><\/strong><\/span><\/p>\n<p>[\/vc_column_text][\/vc_column_inner][vc_column_inner width=\u00bb1\/4&#8243; css=\u00bb.vc_custom_1562604391273{padding-top: 15px !important;}\u00bb][vc_single_image image=\u00bb2583&#8243; img_size=\u00bbfull\u00bb onclick=\u00bbcustom_link\u00bb link=\u00bbhttps:\/\/www.epicamericas.com\/\u00bb][\/vc_column_inner][vc_column_inner width=\u00bb1\/2&#8243; css=\u00bb.vc_custom_1562604398508{padding-top: 15px !important;}\u00bb][vc_column_text]<span style=\"font-family: Lato;\"><strong>Epic Health Solutions<\/strong><br \/>\nEpic Health Solutions brinda soluciones integradas \u00fanicas de red, administraci\u00f3n de atenci\u00f3n m\u00e9dica y asistencia m\u00e9dica para clientes internacionales<br \/>\nen las Am\u00e9ricas<\/span>[\/vc_column_text][\/vc_column_inner][\/vc_row_inner][\/vc_column][\/vc_row]<\/p>\n<\/div>","protected":false},"excerpt":{"rendered":"<p>[vc_row css=\u00bb.vc_custom_1553810042802{padding-top: 40px !important;}\u00bb][vc_column][vc_column_text] Excelencia en el Cuidado de Salud [\/vc_column_text][\/vc_column][\/vc_row][vc_row gap=\u00bb35&#8243;][vc_column width=\u00bb1\/2&#8243;][vc_column_text]VUMI\u00ae es una compa\u00f1\u00eda de seguros m\u00e9dicos internacionales que ofrece seguros exclusivos para gastos m\u00e9dicos mayores y servicios m\u00e9dicos VIP a clientes privados y corporativos alrededor del mundo. Los productos de VUMI\u00ae est\u00e1n dise\u00f1ados para brindarle beneficios \u00fanicos, una amplia cobertura mundial, protecci\u00f3n&hellip;<\/p>\n","protected":false},"author":5,"featured_media":0,"parent":0,"menu_order":0,"comment_status":"closed","ping_status":"closed","template":"","meta":{"footnotes":""},"class_list":["post-883","page","type-page","status-publish","hentry","description-off"],"_links":{"self":[{"href":"https:\/\/www.vumimexico.com\/es\/wp-json\/wp\/v2\/pages\/883","targetHints":{"allow":["GET"]}}],"collection":[{"href":"https:\/\/www.vumimexico.com\/es\/wp-json\/wp\/v2\/pages"}],"about":[{"href":"https:\/\/www.vumimexico.com\/es\/wp-json\/wp\/v2\/types\/page"}],"author":[{"embeddable":true,"href":"https:\/\/www.vumimexico.com\/es\/wp-json\/wp\/v2\/users\/5"}],"replies":[{"embeddable":true,"href":"https:\/\/www.vumimexico.com\/es\/wp-json\/wp\/v2\/comments?post=883"}],"version-history":[{"count":28,"href":"https:\/\/www.vumimexico.com\/es\/wp-json\/wp\/v2\/pages\/883\/revisions"}],"predecessor-version":[{"id":3128,"href":"https:\/\/www.vumimexico.com\/es\/wp-json\/wp\/v2\/pages\/883\/revisions\/3128"}],"wp:attachment":[{"href":"https:\/\/www.vumimexico.com\/es\/wp-json\/wp\/v2\/media?parent=883"}],"curies":[{"name":"wp","href":"https:\/\/api.w.org\/{rel}","templated":true}]}}