{"id":2697,"date":"2023-02-28T11:05:00","date_gmt":"2023-02-28T16:05:00","guid":{"rendered":"https:\/\/www.vumimexico.com\/?page_id=2697"},"modified":"2023-03-01T09:50:25","modified_gmt":"2023-03-01T14:50:25","slug":"descuentos-exclusivos","status":"publish","type":"page","link":"https:\/\/www.vumimexico.com\/es\/descuentos-exclusivos\/","title":{"rendered":"Descuentos Exclusivos"},"content":{"rendered":"<div class=\"wpb-content-wrapper\"><p>[vc_row][vc_column width=\u00bb1\/2&#8243;][vc_column_text]<\/p>\n<p class=\"p1\"><span style=\"font-family: Raleway; font-size: 32px;\">EXCLUSIVOS DESCUENTOS PARA NUESTROS ASEGURADOS EN M\u00c9XICO<br \/>\n<\/span><\/p>\n<h3><strong>www.vumimexico.com<\/strong><\/h3>\n<p>[\/vc_column_text][vc_column_text]Como parte de nuestro compromiso con la excelencia m\u00e9dica y para brindarte un servicio VIP, en VUMI<sup>\u00ae<\/sup> hemos establecido acuerdos con nuestros proveedores VIP en M\u00e9xico, para brindar a nuestros asegurados descuentos y beneficios exclusivos.<\/p>\n<p>Con tan solo <strong>presentar la tarjeta de membres\u00eda f\u00edsica o digital<\/strong>, nuestros asegurados podr\u00e1n obtener descuentos en servicios m\u00e9dicos, laboratorios, medicamentos y m\u00e1s.[\/vc_column_text][\/vc_column][vc_column width=\u00bb1\/2&#8243;][vc_column_text]<img fetchpriority=\"high\" decoding=\"async\" class=\"size-full wp-image-816 aligncenter\" src=\"https:\/\/www.vumimexico.com\/wp-content\/uploads\/2023\/02\/mexico-card.png\" alt=\"\" width=\"480\" height=\"317\" \/>[\/vc_column_text][\/vc_column][\/vc_row][vc_row css=\u00bb.vc_custom_1599776668744{margin-top: 42px !important;}\u00bb][vc_column css=\u00bb.vc_custom_1562261499423{margin-bottom: 0px !important;}\u00bb][vc_tta_tabs style=\u00bbmodern\u00bb shape=\u00bbsquare\u00bb spacing=\u00bb\u00bb active_section=\u00bb1&#8243; no_fill_content_area=\u00bbtrue\u00bb css=\u00bb.vc_custom_1599776144719{margin-bottom: 0px !important;padding-bottom: 0px !important;}\u00bb][vc_tta_section title=\u00bbLABORATORIOS E IMAGENOLOG\u00cdA\u00bb tab_id=\u00bb1562174748846-972b56e0-c82c\u00bb][vc_column_text css=\u00bb.vc_custom_1677609554818{margin-bottom: 0px !important;padding-bottom: 0px !important;}\u00bb]<div id=\"footable_parent_2711\"\n         class=\" footable_parent ninja_table_wrapper loading_ninja_table wp_table_data_press_parent semantic_ui \">\n                <table data-ninja_table_instance=\"ninja_table_instance_0\" data-footable_id=\"2711\" data-filter-delay=\"1000\" aria-label=\"LABORATORIOS E IMAGENOLOG\u00cdA\"            id=\"footable_2711\"\n           data-unique_identifier=\"ninja_table_unique_id_284313246_2711\"\n           class=\" foo-table ninja_footable foo_table_2711 ninja_table_unique_id_284313246_2711 ui table  nt_type_legacy_table single line selectable celled striped vertical_centered  footable-paging-left ninja_table_search_disabled ninja_table_pro\">\n                <colgroup>\n                            <col class=\"ninja_column_0 \">\n                            <col class=\"ninja_column_1 \">\n                            <col class=\"ninja_column_2 \">\n                            <col class=\"ninja_column_3 \">\n                    <\/colgroup>\n        <thead>\n<tr class=\"footable-header\">\n                                                                        <th scope=\"col\"  class=\"ninja_column_0 ninja_clmn_nm_proveedor \">Proveedor<\/th><th scope=\"col\"  class=\"ninja_column_1 ninja_clmn_nm_estadoprovincia \">Estado \/ Provincia<\/th><th scope=\"col\"  class=\"ninja_column_2 ninja_clmn_nm_sucursal \">Sucursal<\/th><th scope=\"col\"  class=\"ninja_column_3 ninja_clmn_nm_beneficio \">Beneficio<\/th><\/tr>\n<\/thead>\n<tbody>\n\n        <tr data-row_id=\"78\" class=\"ninja_table_row_0 nt_row_id_78\">\n            <td> <img decoding=\"async\" class=\"nt_image_type_thumb\" src=\"https:\/\/www.vumimexico.com\/wp-content\/uploads\/2023\/02\/bio2.png\" \/><\/td><td>\u00ad\u00ad\u00ad   Ciudad de M\u00e9xico <br>y Estado de M\u00e9xico<\/td><td><ul> <li>Montes Urales<\/li> <li>Lomas Altas<\/li> <li>Lomas de Chamizal<\/li> <li>Interlomas I<\/li> <li>Polanco<\/li> <li>San Angel<\/li> <li>Sat&eacute;lite<\/li> <li>Tecamachalco<\/li> <li>Bosques de Las Lomas<\/li> <li>Santa fe<\/li> <li>Interlomas II<\/li> <li>Del Valle<\/li> <li>Roma III<\/li> <li>Lomas Virreyes<\/li> <li>Tomas a domicilio<br \/><a href=\"https:\/\/www.biomedicadereferencia.com\/Sucursales.html\" target=\"_blank\">Clic aqu&iacute; para conocer todas las sucursales<\/a><br \/><br \/><\/li> <\/ul><\/td><td><p>Descuentos de:<br \/>&bull; 25% para laboratorio<br \/>&bull; 15% para imagenolog&iacute;a <br \/><a href=\"http:\/\/www.biomedicadereferencia.com\" target=\"_blank\">biomedicadereferencia.com<\/a><\/p><\/td>        <\/tr>\n            <tr data-row_id=\"86\" class=\"ninja_table_row_1 nt_row_id_86\">\n            <td>  <img decoding=\"async\" class=\"nt_image_type_thumb\" src=\"https:\/\/www.vumimexico.com\/wp-content\/uploads\/2023\/02\/star2.png\" \/><\/td><td>Rep\u00fablica Mexicana<\/td><td><ul> <li>Aguascalientes<\/li> <li>Cd. Ju&aacute;rez. Chihuahua<\/li> <li>Morelia<\/li> <li>San Luis Potos&iacute;<\/li> <li>Centro<\/li> <li>M&eacute;rida<\/li> <li>Quer&eacute;taro<\/li> <li>Veracruz<\/li> <li>CDMX (Hip, Lomas Verdes, Luna Parc, Tlalpan)<\/li> <\/ul><\/td><td><p>Descuento de:<br \/>&bull; 10% en estudios de imagenolog&iacute;a <br \/>y laboratorio cl&iacute;nico<\/p> <p><a href=\"https:\/\/www.starmedica.com\/home\/es\/index\" target=\"_blank\">starmedica.com<\/a><\/p><\/td>        <\/tr>\n    <\/tbody><!--ninja_tobody_rendering_done-->\n    <\/table>\n    \n    \n    \n<\/div>\n[\/vc_column_text][\/vc_tta_section][vc_tta_section title=\u00bbENFERMER\u00cdA\u00bb tab_id=\u00bb1562174748858-e69f6a5f-5f09&#8243;][vc_column_text]<div id=\"footable_parent_2723\"\n         class=\" footable_parent ninja_table_wrapper loading_ninja_table wp_table_data_press_parent semantic_ui \">\n                <table data-ninja_table_instance=\"ninja_table_instance_1\" data-footable_id=\"2723\" data-filter-delay=\"1000\" aria-label=\"ENFERMER\u00cdA\"            id=\"footable_2723\"\n           data-unique_identifier=\"ninja_table_unique_id_440724311_2723\"\n           class=\" foo-table ninja_footable foo_table_2723 ninja_table_unique_id_440724311_2723 ui table  nt_type_legacy_table single line selectable celled striped compact vertical_centered  footable-paging-right ninja_table_search_disabled ninja_table_pro\">\n                <colgroup>\n                            <col class=\"ninja_column_0 \">\n                            <col class=\"ninja_column_1 \">\n                            <col class=\"ninja_column_2 \">\n                            <col class=\"ninja_column_3 \">\n                    <\/colgroup>\n        <thead>\n<tr class=\"footable-header\">\n                                                                        <th scope=\"col\"  class=\"ninja_column_0 ninja_clmn_nm_proveedor \">Proveedor<\/th><th scope=\"col\"  class=\"ninja_column_1 ninja_clmn_nm_estadoprovincia \">Estado \/ Provincia<\/th><th scope=\"col\"  class=\"ninja_column_2 ninja_clmn_nm_sucursal \">Sucursal<\/th><th scope=\"col\"  class=\"ninja_column_3 ninja_clmn_nm_beneficio \">Beneficio<\/th><\/tr>\n<\/thead>\n<tbody>\n\n        <tr data-row_id=\"91\" class=\"ninja_table_row_0 nt_row_id_91\">\n            <td><p><img decoding=\"async\" class=\"nt_image_type_thumb\" src=\"https:\/\/www.vumimexico.com\/wp-content\/uploads\/2023\/02\/care.png\" \/><\/td><td>\u00ad\u00ad\u00ad   Ciudad de M\u00e9xico <\/td><td>Ciudad de M\u00e9xico<\/td><td><p>Descuentos de:<br \/>&bull; 10% en servicios de enfermer&iacute;a a familiares directos<br \/><a title=\"careassistance.com.mx\" href=\"http:\/\/www.careassistance.com.mx\" target=\"_blank\">careassistance.com.mx<\/a><\/p><\/td>        <\/tr>\n    <\/tbody><!--ninja_tobody_rendering_done-->\n    <\/table>\n    \n    \n    \n<\/div>\n[\/vc_column_text][\/vc_tta_section][vc_tta_section title=\u00bbCHECK UP\u00bb tab_id=\u00bb1562174751188-c69e2c79-5c77&#8243;][vc_column_text]<div id=\"footable_parent_2726\"\n         class=\" footable_parent ninja_table_wrapper loading_ninja_table wp_table_data_press_parent semantic_ui \">\n                <table data-ninja_table_instance=\"ninja_table_instance_2\" data-footable_id=\"2726\" data-filter-delay=\"1000\" aria-label=\"CHECK UP\"            id=\"footable_2726\"\n           data-unique_identifier=\"ninja_table_unique_id_463649866_2726\"\n           class=\" foo-table ninja_footable foo_table_2726 ninja_table_unique_id_463649866_2726 ui table  nt_type_legacy_table single line selectable celled striped compact vertical_centered  footable-paging-right ninja_table_search_disabled ninja_table_pro\">\n                <colgroup>\n                            <col class=\"ninja_column_0 \">\n                            <col class=\"ninja_column_1 \">\n                            <col class=\"ninja_column_2 \">\n                            <col class=\"ninja_column_3 \">\n                    <\/colgroup>\n        <thead>\n<tr class=\"footable-header\">\n                                                                        <th scope=\"col\"  class=\"ninja_column_0 ninja_clmn_nm_proveedor \">Proveedor<\/th><th scope=\"col\"  class=\"ninja_column_1 ninja_clmn_nm_estadoprovincia \">Estado \/ Provincia<\/th><th scope=\"col\"  class=\"ninja_column_2 ninja_clmn_nm_sucursal \">Sucursal<\/th><th scope=\"col\"  class=\"ninja_column_3 ninja_clmn_nm_beneficio \">Beneficio<\/th><\/tr>\n<\/thead>\n<tbody>\n\n        <tr data-row_id=\"93\" class=\"ninja_table_row_0 nt_row_id_93\">\n            <td> <img decoding=\"async\" class=\"nt_image_type_thumb\" src=\"https:\/\/www.vumimexico.com\/wp-content\/uploads\/2023\/02\/bio2.png\" \/><\/td><td>\u00ad\u00ad\u00ad   Ciudad de M\u00e9xico <br>y Estado de M\u00e9xico<\/td><td><ul> <li>Montes Urales<\/li> <li>Lomas Altas<\/li> <li>Lomas de Chamizal<\/li> <li>Interlomas I<\/li> <li>Polanco<\/li> <li>San Angel<\/li> <li>Sat&eacute;lite<\/li> <li>Tecamachalco<\/li> <li>Bosques de Las Lomas<\/li> <li>Santa fe<\/li> <li>Interlomas II<\/li> <li>Del Valle<\/li> <li>Roma III<\/li> <li>Lomas Virreyes<\/li> <li>Tomas a domicilio<br \/><a href=\"https:\/\/www.biomedicadereferencia.com\/Sucursales.html\" target=\"_blank\">Clic aqu&iacute; para conocer todas las sucursales<\/a><br \/><br \/><\/li> <\/ul><\/td><td><p>Check up anual con carta <br>garant&iacute;a de VUMI<sup>&reg;<\/sup> para pago directo <br> <a href=\"http:\/\/www.biomedicadereferencia.com\" target=\"_blank\">biomedicadereferencia.com<\/a><\/p><\/td>        <\/tr>\n    <\/tbody><!--ninja_tobody_rendering_done-->\n    <\/table>\n    \n    \n    \n<\/div>\n[\/vc_column_text][\/vc_tta_section][vc_tta_section title=\u00bbFARMACIAS\u00bb tab_id=\u00bb1562174752411-21141c50-e45f\u00bb][vc_column_text]<div id=\"footable_parent_2728\"\n         class=\" footable_parent ninja_table_wrapper loading_ninja_table wp_table_data_press_parent semantic_ui \">\n                <table data-ninja_table_instance=\"ninja_table_instance_3\" data-footable_id=\"2728\" data-filter-delay=\"1000\" aria-label=\"FARMACIAS\"            id=\"footable_2728\"\n           data-unique_identifier=\"ninja_table_unique_id_1968009843_2728\"\n           class=\" foo-table ninja_footable foo_table_2728 ninja_table_unique_id_1968009843_2728 ui table  nt_type_legacy_table single line selectable celled striped compact vertical_centered  footable-paging-right ninja_table_search_disabled ninja_table_pro\">\n                <colgroup>\n                            <col class=\"ninja_column_0 \">\n                            <col class=\"ninja_column_1 \">\n                            <col class=\"ninja_column_2 \">\n                            <col class=\"ninja_column_3 \">\n                    <\/colgroup>\n        <thead>\n<tr class=\"footable-header\">\n                                                                        <th scope=\"col\"  class=\"ninja_column_0 ninja_clmn_nm_proveedor \">Proveedor<\/th><th scope=\"col\"  class=\"ninja_column_1 ninja_clmn_nm_estadoprovincia \">Estado \/ Provincia<\/th><th scope=\"col\"  class=\"ninja_column_2 ninja_clmn_nm_sucursal \">Sucursal<\/th><th scope=\"col\"  class=\"ninja_column_3 ninja_clmn_nm_beneficio \">Beneficio<\/th><\/tr>\n<\/thead>\n<tbody>\n\n        <tr data-row_id=\"95\" class=\"ninja_table_row_0 nt_row_id_95\">\n            <td><p><img decoding=\"async\" class=\"nt_image_type_thumb\" src=\"https:\/\/www.vumimexico.com\/wp-content\/uploads\/2023\/02\/wecare.png\" \/><\/p><\/td><td>\u00ad\u00ad\u00adLos Cabos, BCS<\/td><td>Rep\u00fablica Mexicana <br>(servicio por mensajer\u00eda)<\/td><td> <p>Cashback al final del a&ntilde;o p&oacute;liza de:<\/p> <ul> <li>3% en compras pagadas por <br>transferencia bancaria<\/li> <li>2% en compras pagadas con <br> tarjeta de cr&eacute;dito<\/li> <\/ul> <p><a href=\"http:\/\/www.wecarepharma.mx\/\" target=\"_blank\">www.wecarepharma.mx<\/a><\/p><\/td>        <\/tr>\n            <tr data-row_id=\"98\" class=\"ninja_table_row_1 nt_row_id_98\">\n            <td><img decoding=\"async\" class=\"nt_image_type_thumb\" src=\"https:\/\/www.vumimexico.com\/wp-content\/uploads\/2023\/02\/farma.png\" \/><\/td><td>\u00ad\u00ad\u00adRep\u00fablica Mexicana<br> (servicio por mensajer\u00eda)<\/td><td>En l\u00ednea<\/td><td><p>Farmacia en l&iacute;nea: <a href=\"https:\/\/farmaleal.com\/\" target=\"_blank\">farmaleal.com.mx<\/a><\/p> <p>Tarjeta VRIM* a partir de compras en <br> l&iacute;nea de 3,500 MXN<\/p> <p><em>*Tarjeta virtual de beneficios  <br>y descuentos en restaurantes<br> y establecimientos comerciales <br>en M&eacute;xico. Vigencia de 6 a 12 meses<\/em><\/p><\/td>        <\/tr>\n            <tr data-row_id=\"99\" class=\"ninja_table_row_2 nt_row_id_99\">\n            <td><img decoding=\"async\" class=\"nt_image_type_thumb\" src=\"https:\/\/www.vumimexico.com\/wp-content\/uploads\/2023\/02\/probemedic.png\" \/><\/td><td>Rep\u00fablica Mexicana <br>(servicio por mensajer\u00eda)<\/td><td>Nuevo Le\u00f3n, CDMX, Jalisco, Puebla, <br>Caja California Norte<\/td><td><p>Descuento de:<\/p> <ul> <li>5% a 15%<\/li> <\/ul> <p><a href=\"https:\/\/www.probemedic.mx\/\" target=\"_blank\">probemedic.mx<\/a><\/p> <p>&nbsp;<\/p><\/td>        <\/tr>\n    <\/tbody><!--ninja_tobody_rendering_done-->\n    <\/table>\n    \n    \n    \n<\/div>\n[\/vc_column_text][\/vc_tta_section][vc_tta_section title=\u00bbCL\u00cdNICAS DE INFUSI\u00d3N\u00bb tab_id=\u00bb1677611941387-7938c764-64eb\u00bb][vc_column_text]<div id=\"footable_parent_2733\"\n         class=\" footable_parent ninja_table_wrapper loading_ninja_table wp_table_data_press_parent semantic_ui \">\n                <table data-ninja_table_instance=\"ninja_table_instance_4\" data-footable_id=\"2733\" data-filter-delay=\"1000\" aria-label=\"CL\u00cdNICAS DE INFUSI\u00d3N\"            id=\"footable_2733\"\n           data-unique_identifier=\"ninja_table_unique_id_11270844_2733\"\n           class=\" foo-table ninja_footable foo_table_2733 ninja_table_unique_id_11270844_2733 ui table  nt_type_legacy_table single line selectable celled striped compact vertical_centered  footable-paging-right ninja_table_search_disabled ninja_table_pro\">\n                <colgroup>\n                            <col class=\"ninja_column_0 \">\n                            <col class=\"ninja_column_1 \">\n                            <col class=\"ninja_column_2 \">\n                            <col class=\"ninja_column_3 \">\n                    <\/colgroup>\n        <thead>\n<tr class=\"footable-header\">\n                                                                        <th scope=\"col\"  class=\"ninja_column_0 ninja_clmn_nm_proveedor \">Proveedor<\/th><th scope=\"col\"  class=\"ninja_column_1 ninja_clmn_nm_estadoprovincia \">Estado \/ Provincia<\/th><th scope=\"col\"  class=\"ninja_column_2 ninja_clmn_nm_sucursal \">Sucursal<\/th><th scope=\"col\"  class=\"ninja_column_3 ninja_clmn_nm_beneficio \">Beneficio<\/th><\/tr>\n<\/thead>\n<tbody>\n\n        <tr data-row_id=\"100\" class=\"ninja_table_row_0 nt_row_id_100\">\n            <td><img decoding=\"async\" class=\"nt_image_type_thumb\" src=\"https:\/\/www.vumimexico.com\/wp-content\/uploads\/2023\/02\/alivia.png\" \/><\/td><td>Lic. Jos\u00e9 Ben\u00edtez 2526 <br> Col. Obispado<br> Monterrey, N.L. CP 64060<\/td><td><ul> <li>CDMX<\/li> <li>Metepec<\/li> <li>Chihuahua<\/li> <li>Cd. Ju&aacute;rez<\/li> <li>San Luis Potos&iacute;<\/li> <li>Le&oacute;n<\/li> <\/ul><\/td><td><p>Descuento de:<br \/>\u2022 5% en servicios <br \/><a href=\"https:\/\/www.alivia.mx\/\" target=\"_blank\">alivia.mx<\/a><\/p><\/td>        <\/tr>\n            <tr data-row_id=\"102\" class=\"ninja_table_row_1 nt_row_id_102\">\n            <td><img decoding=\"async\" class=\"nt_image_type_thumb\" src=\"https:\/\/www.vumimexico.com\/wp-content\/uploads\/2023\/02\/wecare-ihaw.png\" \/><\/td><td>Los Cabos, BCS<\/td><td>Rep\u00fablica Mexicana<br>(servicio por mensajer\u00eda)<\/td><td><p>Descuento de:<br \/>&bull; 5% en servicios <br \/><a href=\"https:\/\/wecarehealth.mx\/\" target=\"_blank\">wecarehealth.mx<\/a><\/p><\/td>        <\/tr>\n            <tr data-row_id=\"103\" class=\"ninja_table_row_2 nt_row_id_103\">\n            <td><img decoding=\"async\" class=\"nt_image_type_thumb\" src=\"https:\/\/www.vumimexico.com\/wp-content\/uploads\/2023\/02\/infuzone.png\" \/><\/td><td>Ciudad de M\u00e9xico<\/td><td>Calle Sur 132 No.118, Hidalgo, \u00c1lvaro<br>Obreg\u00f3n, 01120 Ciudad de M\u00e9xico,<br>CDMX<\/td><td><p>Descuento de:<br \/>&bull; 5% en servicios <br \/><a href=\"https:\/\/www.infuzone.com.mx\/\" target=\"_blank\">infuzone.com.mx<\/a><\/p><\/td>        <\/tr>\n    <\/tbody><!--ninja_tobody_rendering_done-->\n    <\/table>\n    \n    \n    \n<\/div>\n[\/vc_column_text][\/vc_tta_section][vc_tta_section title=\u00bbDESCUENTO EN DEDUCIBLE\u00bb tab_id=\u00bb1677611967406-79b4d845-3d13&#8243;][vc_column_text]<div id=\"footable_parent_2738\"\n         class=\" footable_parent ninja_table_wrapper loading_ninja_table wp_table_data_press_parent semantic_ui \">\n                <table data-ninja_table_instance=\"ninja_table_instance_5\" data-footable_id=\"2738\" data-filter-delay=\"1000\" aria-label=\"DESCUENTO EN DEDUCIBLE\"            id=\"footable_2738\"\n           data-unique_identifier=\"ninja_table_unique_id_2088564242_2738\"\n           class=\" foo-table ninja_footable foo_table_2738 ninja_table_unique_id_2088564242_2738 ui table  nt_type_legacy_table single line selectable celled striped compact vertical_centered  footable-paging-right ninja_table_search_disabled ninja_table_pro\">\n                <colgroup>\n                            <col class=\"ninja_column_0 \">\n                            <col class=\"ninja_column_1 \">\n                            <col class=\"ninja_column_2 \">\n                            <col class=\"ninja_column_3 \">\n                    <\/colgroup>\n        <thead>\n<tr class=\"footable-header\">\n                                                                        <th scope=\"col\"  class=\"ninja_column_0 ninja_clmn_nm_proveedor \">Proveedor<\/th><th scope=\"col\"  class=\"ninja_column_1 ninja_clmn_nm_estadoprovincia \">Estado \/ Provincia<\/th><th scope=\"col\"  class=\"ninja_column_2 ninja_clmn_nm_sucursal \">Sucursal<\/th><th scope=\"col\"  class=\"ninja_column_3 ninja_clmn_nm_beneficio \">Beneficio<\/th><\/tr>\n<\/thead>\n<tbody>\n\n        <tr data-row_id=\"104\" class=\"ninja_table_row_0 nt_row_id_104\">\n            <td><img decoding=\"async\" class=\"nt_image_type_thumb\" src=\"https:\/\/www.vumimexico.com\/wp-content\/uploads\/2023\/02\/alivia.png\" \/><\/td><td>Monterrey<\/td><td><ul> <li>CDMX<\/li> <li>Metepec<\/li> <li>Chihuahua<\/li> <li>Cd. Ju&aacute;rez<\/li> <li>San Luis Potos&iacute;<\/li> <li>Le&oacute;n<\/li> <\/ul><\/td><td><p>Descuento de:<br \/>&bull; Hasta 20% en deducible, <br>acorde a tratamiento.<br \/><a href=\"https:\/\/www.alivia.mx\/\" target=\"_blank\">alivia.mx<\/a><\/p><\/td>        <\/tr>\n            <tr data-row_id=\"105\" class=\"ninja_table_row_1 nt_row_id_105\">\n            <td><img decoding=\"async\" class=\"nt_image_type_thumb\" src=\"https:\/\/www.vumimexico.com\/wp-content\/uploads\/2023\/02\/vallarta.png\" \/><\/td><td>Puerto Vallarta, GDL<\/td><td>Puerto Vallarta, GDL<\/td><td><p>Descuento de:<br \/>\u2022 10% en servicios <br \/><a href=\"http:\/\/www.vallartamedicalcenter.mx\/\/\" target=\"_blank\">vallartamedicalcenter.mx<\/a><\/p><\/td>        <\/tr>\n            <tr data-row_id=\"106\" class=\"ninja_table_row_2 nt_row_id_106\">\n            <td><img decoding=\"async\" class=\"nt_image_type_thumb\" src=\"https:\/\/www.vumimexico.com\/wp-content\/uploads\/2023\/02\/sanmare.png\" \/><\/td><td>Puerto Vallarta, GDL<\/td><td>Puerto Vallarta, GDL<\/td><td><p>Descuento de:<br \/>\u2022 10% en servicios <br \/><a href=\"https:\/\/www.sanmare.mx\/\" target=\"_blank\">sanmare.mx<\/a><\/p><\/td>        <\/tr>\n    <\/tbody><!--ninja_tobody_rendering_done-->\n    <\/table>\n    \n    \n    \n<\/div>\n[\/vc_column_text][\/vc_tta_section][\/vc_tta_tabs][\/vc_column][\/vc_row]<\/p>\n<\/div>","protected":false},"excerpt":{"rendered":"<p>[vc_row][vc_column width=\u00bb1\/2&#8243;][vc_column_text] EXCLUSIVOS DESCUENTOS PARA NUESTROS ASEGURADOS EN M\u00c9XICO www.vumimexico.com [\/vc_column_text][vc_column_text]Como parte de nuestro compromiso con la excelencia m\u00e9dica y para brindarte un servicio VIP, en VUMI\u00ae hemos establecido acuerdos con nuestros proveedores VIP en M\u00e9xico, para brindar a nuestros asegurados descuentos y beneficios exclusivos. Con tan solo presentar la tarjeta de membres\u00eda f\u00edsica o&hellip;<\/p>\n","protected":false},"author":5,"featured_media":0,"parent":0,"menu_order":0,"comment_status":"closed","ping_status":"closed","template":"","meta":{"footnotes":""},"class_list":["post-2697","page","type-page","status-publish","hentry","description-off"],"_links":{"self":[{"href":"https:\/\/www.vumimexico.com\/es\/wp-json\/wp\/v2\/pages\/2697","targetHints":{"allow":["GET"]}}],"collection":[{"href":"https:\/\/www.vumimexico.com\/es\/wp-json\/wp\/v2\/pages"}],"about":[{"href":"https:\/\/www.vumimexico.com\/es\/wp-json\/wp\/v2\/types\/page"}],"author":[{"embeddable":true,"href":"https:\/\/www.vumimexico.com\/es\/wp-json\/wp\/v2\/users\/5"}],"replies":[{"embeddable":true,"href":"https:\/\/www.vumimexico.com\/es\/wp-json\/wp\/v2\/comments?post=2697"}],"version-history":[{"count":16,"href":"https:\/\/www.vumimexico.com\/es\/wp-json\/wp\/v2\/pages\/2697\/revisions"}],"predecessor-version":[{"id":2743,"href":"https:\/\/www.vumimexico.com\/es\/wp-json\/wp\/v2\/pages\/2697\/revisions\/2743"}],"wp:attachment":[{"href":"https:\/\/www.vumimexico.com\/es\/wp-json\/wp\/v2\/media?parent=2697"}],"curies":[{"name":"wp","href":"https:\/\/api.w.org\/{rel}","templated":true}]}}