{"id":2660,"date":"2022-10-18T16:25:11","date_gmt":"2022-10-18T21:25:11","guid":{"rendered":"https:\/\/www.vumimexico.com\/vamos-de-la-mano-2\/"},"modified":"2022-10-18T16:59:07","modified_gmt":"2022-10-18T21:59:07","slug":"vamos-de-la-mano","status":"publish","type":"page","link":"https:\/\/www.vumimexico.com\/es\/vamos-de-la-mano\/","title":{"rendered":"vamos de la mano"},"content":{"rendered":"<div class=\"wpb-content-wrapper\"><p>[vc_row full_width=\u00bbstretch_row\u00bb bg_type=\u00bbimage\u00bb parallax_style=\u00bbvcpb-vz-jquery\u00bb bg_image_new=\u00bbid^4011|url^https:\/\/www.vumigroup.com\/wp-content\/uploads\/2022\/10\/backcancerv4.png|caption^null|alt^null|title^backcancerv4|description^null\u00bb bg_image_repeat=\u00bbno-repeat\u00bb bg_override=\u00bbfull\u00bb css=\u00bb.vc_custom_1665501578545{background-color: #fff8f0 !important;}\u00bb][vc_column][vc_row_inner css=\u00bb.vc_custom_1665500329492{background-position: center !important;background-repeat: no-repeat !important;background-size: cover !important;}\u00bb el_class=\u00bb.cancer\u00bb][vc_column_inner width=\u00bb1\/2&#8243;][vc_single_image image=\u00bb2678&#8243; img_size=\u00bb378&#215;290&#8243; css_animation=\u00bbfadeIn\u00bb css=\u00bb.vc_custom_1666128455873{margin-bottom: 120px !important;}\u00bb][\/vc_column_inner][vc_column_inner width=\u00bb1\/2&#8243; css=\u00bb.vc_custom_1665500118685{background-position: center !important;background-repeat: no-repeat !important;background-size: cover !important;}\u00bb][vc_single_image image=\u00bb2672&#8243; img_size=\u00bb428&#215;256&#8243; css_animation=\u00bbfadeIn\u00bb css=\u00bb.vc_custom_1666127303962{margin-top: px !important;background-position: center !important;background-repeat: no-repeat !important;background-size: contain !important;}\u00bb][\/vc_column_inner][\/vc_row_inner][\/vc_column][\/vc_row][vc_row full_width=\u00bbstretch_row\u00bb css=\u00bb.vc_custom_1665501376614{padding-top: 90px !important;background-color: #fff8f0 !important;}\u00bb][vc_column width=\u00bb1\/2&#8243;][vc_column_text css_animation=\u00bbfadeInDown\u00bb css=\u00bb.vc_custom_1665776490531{margin-top: 90px !important;}\u00bb]<span style=\"font-size: 32px;\"><strong>VUMI<sup>\u00ae<\/sup><\/strong> APOYA LA LUCHA<\/span><\/p>\n<p><span style=\"font-size: 32px;\">CONTRA EL C\u00c1NCER <\/span><\/p>\n<p><span style=\"font-size: 32px;\">DE MAMA<\/span><\/p>\n<p><span style=\"font-size: 18px;\">Cada a\u00f1o, <strong>VUMI<sup>\u00ae<\/sup><\/strong> se une a esta <\/span><span style=\"font-size: 18px;\">campa\u00f1a mundial <\/span><\/p>\n<p><span style=\"font-size: 18px;\">que busca concientizar sobre <\/span><span style=\"font-size: 18px;\">la importancia de la <\/span><\/p>\n<p><span style=\"font-size: 18px;\">detecci\u00f3n temprana para <\/span><span style=\"font-size: 18px;\">un diagn\u00f3stico y <\/span><\/p>\n<p><span style=\"font-size: 18px;\">tratamiento eficaz.<\/span>[\/vc_column_text][\/vc_column][vc_column width=\u00bb1\/2&#8243;][vc_single_image image=\u00bb2671&#8243; img_size=\u00bbfull\u00bb css_animation=\u00bbfadeInRight\u00bb css=\u00bb.vc_custom_1666127335317{margin-top: 0px !important;margin-right: 0px !important;margin-bottom: 0px !important;margin-left: 0px !important;}\u00bb][\/vc_column][\/vc_row][vc_row full_width=\u00bbstretch_row\u00bb css=\u00bb.vc_custom_1665503003697{padding-top: 90px !important;background-color: #ee8896 !important;}\u00bb][vc_column][vc_column_text]<\/p>\n<p style=\"text-align: center;\"><span style=\"font-size: 32px; color: #ffffff;\">CONOCE M\u00c1S DE <strong>NUESTRA INICIATIVA<\/strong> <\/span><\/p>\n<p>[\/vc_column_text][vc_video link=\u00bbhttps:\/\/www.youtube.com\/watch?v=DCWalzCKusA\u00bb el_width=\u00bb80&#8243; align=\u00bbcenter\u00bb css_animation=\u00bbfadeInDown\u00bb][vc_single_image image=\u00bb2670&#8243; img_size=\u00bbfull\u00bb alignment=\u00bbcenter\u00bb css_animation=\u00bbfadeInDown\u00bb][\/vc_column][\/vc_row][vc_row full_width=\u00bbstretch_row\u00bb css=\u00bb.vc_custom_1665501376614{padding-top: 90px !important;background-color: #fff8f0 !important;}\u00bb][vc_column width=\u00bb1\/2&#8243;][vc_single_image image=\u00bb2679&#8243; img_size=\u00bbfull\u00bb css_animation=\u00bbfadeInRight\u00bb css=\u00bb.vc_custom_1666128513866{margin-top: 0px !important;margin-right: 0px !important;margin-bottom: 0px !important;margin-left: 0px !important;}\u00bb][\/vc_column][vc_column width=\u00bb1\/2&#8243;][vc_column_text css_animation=\u00bbfadeIn\u00bb css=\u00bb.vc_custom_1665776963194{margin-top: 90px !important;}\u00bb]<span style=\"font-size: 32px;\">GU\u00cdA INFORMATIVA SOBRE <\/span><\/p>\n<p><span style=\"font-size: 32px;\">EL C\u00c1NCER DE MAMA <\/span><\/p>\n<p><span style=\"font-size: 18px;\"><strong>VUMI<sup>\u00ae<\/sup><\/strong> prepar\u00f3 una completa gu\u00eda informativa sobre el c\u00e1ncer de mama que puedes descargar para comprender m\u00e1s sobre:<br \/>\n<\/span><\/p>\n<p><span style=\"font-size: 18px;\"><strong>\u2022 Informaci\u00f3n general sobre la enfermedad<\/strong><\/span><\/p>\n<p><span style=\"font-size: 18px;\"><strong>\u2022 Tipos de c\u00e1ncer de mama<\/strong><\/span><\/p>\n<p><span style=\"font-size: 18px;\"><strong>\u2022 <span lang=\"ES-US\">Diagn\u00f3stico y ex\u00e1menes para detectar esta enfermedad.<\/span><br \/>\n<\/strong><\/span><\/p>\n<p><span style=\"font-size: 18px;\"><strong>\u2022 Recomendaciones de especialistas de la salud<\/strong><\/span>[\/vc_column_text][vc_btn title=\u00bbDescargar gu\u00eda\u00bb style=\u00bbcustom\u00bb custom_background=\u00bb#e9778b\u00bb custom_text=\u00bb#ffffff\u00bb size=\u00bblg\u00bb align=\u00bbleft\u00bb shadow_str=\u00bb1&#8243; hover_anim=\u00bbmove-up\u00bb link=\u00bburl:https%3A%2F%2Fonline.flippingbook.com%2Fview%2F640142028%2F|target:_blank\u00bb][\/vc_column][vc_column][vc_column_text css_animation=\u00bbfadeIn\u00bb css=\u00bb.vc_custom_1665784754187{margin-top: 0px !important;margin-bottom: 90px !important;}\u00bb]<\/p>\n<p style=\"text-align: center;\"><span style=\"font-size: 32px;\"><strong>VUMI<sup>\u00ae<\/sup><\/strong> EST\u00c1 CONTIGO <\/span><\/p>\n<p style=\"text-align: center;\"><span style=\"font-size: 18px;\">Con un equipo disponible 24\/7, amplias coberturas y beneficios \u00fanicos, <strong>VUMI<sup>\u00ae<\/sup><\/strong><br \/>\nacompa\u00f1a a todas nuestras aseguradas desde la detecci\u00f3n, diagn\u00f3stico y<br \/>\ntratamiento brindando:<\/span>[\/vc_column_text][vc_row_inner][vc_column_inner width=\u00bb1\/4&#8243;][vc_single_image image=\u00bb2668&#8243; alignment=\u00bbcenter\u00bb css_animation=\u00bbfadeIn\u00bb css=\u00bb.vc_custom_1666127435627{margin-top: 0px !important;margin-right: 0px !important;margin-bottom: 20px !important;margin-left: 0px !important;}\u00bb][vc_column_text]<\/p>\n<p style=\"text-align: center;\">Servicios de Consultor\u00eda M\u00e9dica VIP<br \/>\npara pacientes[\/vc_column_text][\/vc_column_inner][vc_column_inner width=\u00bb1\/4&#8243;][vc_single_image image=\u00bb2667&#8243; alignment=\u00bbcenter\u00bb css_animation=\u00bbfadeIn\u00bb css=\u00bb.vc_custom_1666127467553{margin-top: 0px !important;margin-right: 0px !important;margin-bottom: 20px !important;margin-left: 0px !important;}\u00bb][vc_column_text]<\/p>\n<p style=\"text-align: center;\">Acceso a los mejores hospitales especializados en c\u00e1ncer de EE. UU.<\/p>\n<p>[\/vc_column_text][\/vc_column_inner][vc_column_inner width=\u00bb1\/4&#8243;][vc_single_image image=\u00bb2666&#8243; alignment=\u00bbcenter\u00bb css_animation=\u00bbfadeIn\u00bb css=\u00bb.vc_custom_1666127498571{margin-top: 0px !important;margin-right: 0px !important;margin-bottom: 20px !important;margin-left: 0px !important;}\u00bb][vc_column_text]<\/p>\n<p style=\"text-align: center;\">Segunda Opini\u00f3n<br \/>\nM\u00e9dica VIP<sup>\u00ae<\/sup>[\/vc_column_text][\/vc_column_inner][vc_column_inner width=\u00bb1\/4&#8243;][vc_single_image image=\u00bb2665&#8243; alignment=\u00bbcenter\u00bb css_animation=\u00bbfadeIn\u00bb css=\u00bb.vc_custom_1666127567419{margin-top: 0px !important;margin-right: 0px !important;margin-bottom: 20px !important;margin-left: 0px !important;}\u00bb][vc_column_text]<\/p>\n<p style=\"text-align: center;\">Coordinaci\u00f3n m\u00e9dica<br \/>\ncon enfoque humano[\/vc_column_text][\/vc_column_inner][\/vc_row_inner][\/vc_column][\/vc_row][vc_row full_width=\u00bbstretch_row\u00bb bg_type=\u00bbimage\u00bb parallax_style=\u00bbvcpb-vz-jquery\u00bb bg_image_new=\u00bbid^4070|url^https:\/\/www.vumigroup.com\/wp-content\/uploads\/2022\/10\/handsfooter.png|caption^null|alt^null|title^handsfooter|description^null\u00bb bg_image_repeat=\u00bbno-repeat\u00bb bg_override=\u00bbfull\u00bb][vc_column][vc_column_text css_animation=\u00bbfadeIn\u00bb css=\u00bb.vc_custom_1665777303222{margin-top: 60px !important;}\u00bb]<\/p>\n<p style=\"text-align: center;\"><span style=\"font-size: 32px;\">NUESTROS PLANES CUENTAN CON COBERTURA <strong><br \/>\nPARA SERVICIOS DE ONCOLOG\u00cdA<\/strong><\/span>[\/vc_column_text][vc_row_inner css=\u00bb.vc_custom_1665585824883{background-position: center !important;background-repeat: no-repeat !important;background-size: cover !important;}\u00bb][vc_column_inner width=\u00bb1\/3&#8243;][vc_column_text css=\u00bb.vc_custom_1665777389496{padding-top: 40px !important;padding-bottom: 67px !important;background-color: rgba(255,248,240,0.8) !important;*background-color: rgb(255,248,240) !important;}\u00bb]<\/p>\n<p style=\"text-align: center;\"><img decoding=\"async\" class=\"alignnone size-full wp-image-4119\" src=\"https:\/\/www.vumigroup.com\/wp-content\/uploads\/2022\/10\/medic4.png\" alt=\"\" width=\"130\" height=\"114\" \/><\/p>\n<p style=\"text-align: center;\">Cirug\u00eda de reducci\u00f3n de riesgo de<br \/>\nc\u00e1ncer o cirug\u00eda profil\u00e1ctica[\/vc_column_text][\/vc_column_inner][vc_column_inner width=\u00bb1\/3&#8243;][vc_column_text css=\u00bb.vc_custom_1665777411457{padding-top: 40px !important;padding-bottom: 67px !important;background-color: rgba(255,248,240,0.8) !important;*background-color: rgb(255,248,240) !important;}\u00bb]<\/p>\n<p style=\"text-align: center;\"><img decoding=\"async\" class=\"alignnone wp-image-4120 size-full\" src=\"https:\/\/www.vumigroup.com\/wp-content\/uploads\/2022\/10\/mamografia.png\" alt=\"\" width=\"130\" height=\"114\" \/><\/p>\n<p style=\"text-align: center;\">Chequeos m\u00e9dicos preventivos<br \/>\nque incluyen mamograf\u00eda*[\/vc_column_text][\/vc_column_inner][vc_column_inner width=\u00bb1\/3&#8243;][vc_column_text css=\u00bb.vc_custom_1665777357073{padding-top: 40px !important;padding-bottom: 40px !important;background-color: rgba(255,248,240,0.8) !important;*background-color: rgb(255,248,240) !important;}\u00bb]<\/p>\n<p style=\"text-align: center;\"><img decoding=\"async\" class=\"alignnone wp-image-4121 size-full\" src=\"https:\/\/www.vumigroup.com\/wp-content\/uploads\/2022\/10\/qui.png\" alt=\"\" width=\"130\" height=\"114\" \/><\/p>\n<p style=\"text-align: center;\">\u00a0Ex\u00e1menes, tratamientos<br \/>\n(quimioterapia y\/o radiolog\u00eda),<br \/>\nmedicamentos*[\/vc_column_text][\/vc_column_inner][\/vc_row_inner][vc_row_inner css=\u00bb.vc_custom_1665585884371{margin-bottom: 120px !important;}\u00bb][vc_column_inner css=\u00bb.vc_custom_1665585853838{margin-top: 0px !important;margin-right: 0px !important;margin-bottom: 0px !important;margin-left: 0px !important;}\u00bb][vc_column_text css=\u00bb.vc_custom_1665777427194{margin-top: 30px !important;}\u00bb]<\/p>\n<p style=\"text-align: center;\"><span style=\"font-size: 21px;\">*Para conocer los planes que cuentan con estos beneficios y el alcance de sus coberturas, contacta a tu agente de seguros.<\/span><\/p>\n<p>[\/vc_column_text][vc_single_image image=\u00bb2664&#8243; img_size=\u00bb204&#215;83&#8243; alignment=\u00bbcenter\u00bb css=\u00bb.vc_custom_1666127607143{margin-top: 0px !important;margin-right: 0px !important;margin-bottom: 0px !important;margin-left: 0px !important;}\u00bb][\/vc_column_inner][\/vc_row_inner][\/vc_column][\/vc_row]<\/p>\n<\/div>","protected":false},"excerpt":{"rendered":"<p>[vc_row full_width=\u00bbstretch_row\u00bb bg_type=\u00bbimage\u00bb parallax_style=\u00bbvcpb-vz-jquery\u00bb bg_image_new=\u00bbid^4011|url^https:\/\/www.vumigroup.com\/wp-content\/uploads\/2022\/10\/backcancerv4.png|caption^null|alt^null|title^backcancerv4|description^null\u00bb bg_image_repeat=\u00bbno-repeat\u00bb bg_override=\u00bbfull\u00bb css=\u00bb.vc_custom_1665501578545{background-color: #fff8f0 !important;}\u00bb][vc_column][vc_row_inner css=\u00bb.vc_custom_1665500329492{background-position: center !important;background-repeat: no-repeat !important;background-size: cover !important;}\u00bb el_class=\u00bb.cancer\u00bb][vc_column_inner width=\u00bb1\/2&#8243;][vc_single_image image=\u00bb2678&#8243; img_size=\u00bb378&#215;290&#8243; css_animation=\u00bbfadeIn\u00bb css=\u00bb.vc_custom_1666128455873{margin-bottom: 120px !important;}\u00bb][\/vc_column_inner][vc_column_inner width=\u00bb1\/2&#8243; css=\u00bb.vc_custom_1665500118685{background-position: center !important;background-repeat: no-repeat !important;background-size: cover !important;}\u00bb][vc_single_image image=\u00bb2672&#8243; img_size=\u00bb428&#215;256&#8243; css_animation=\u00bbfadeIn\u00bb css=\u00bb.vc_custom_1666127303962{margin-top: px !important;background-position: center !important;background-repeat: no-repeat !important;background-size: contain !important;}\u00bb][\/vc_column_inner][\/vc_row_inner][\/vc_column][\/vc_row][vc_row full_width=\u00bbstretch_row\u00bb css=\u00bb.vc_custom_1665501376614{padding-top: 90px !important;background-color: #fff8f0 !important;}\u00bb][vc_column width=\u00bb1\/2&#8243;][vc_column_text css_animation=\u00bbfadeInDown\u00bb css=\u00bb.vc_custom_1665776490531{margin-top: 90px&hellip;<\/p>\n","protected":false},"author":5,"featured_media":0,"parent":0,"menu_order":0,"comment_status":"closed","ping_status":"closed","template":"","meta":{"footnotes":""},"class_list":["post-2660","page","type-page","status-publish","hentry","description-off"],"_links":{"self":[{"href":"https:\/\/www.vumimexico.com\/es\/wp-json\/wp\/v2\/pages\/2660","targetHints":{"allow":["GET"]}}],"collection":[{"href":"https:\/\/www.vumimexico.com\/es\/wp-json\/wp\/v2\/pages"}],"about":[{"href":"https:\/\/www.vumimexico.com\/es\/wp-json\/wp\/v2\/types\/page"}],"author":[{"embeddable":true,"href":"https:\/\/www.vumimexico.com\/es\/wp-json\/wp\/v2\/users\/5"}],"replies":[{"embeddable":true,"href":"https:\/\/www.vumimexico.com\/es\/wp-json\/wp\/v2\/comments?post=2660"}],"version-history":[{"count":10,"href":"https:\/\/www.vumimexico.com\/es\/wp-json\/wp\/v2\/pages\/2660\/revisions"}],"predecessor-version":[{"id":2686,"href":"https:\/\/www.vumimexico.com\/es\/wp-json\/wp\/v2\/pages\/2660\/revisions\/2686"}],"wp:attachment":[{"href":"https:\/\/www.vumimexico.com\/es\/wp-json\/wp\/v2\/media?parent=2660"}],"curies":[{"name":"wp","href":"https:\/\/api.w.org\/{rel}","templated":true}]}}