{"id":2490,"date":"2021-09-28T22:11:46","date_gmt":"2021-09-28T22:11:46","guid":{"rendered":"https:\/\/www.vumigroup.com\/vamos-de-la-mano-2\/"},"modified":"2022-10-18T16:58:48","modified_gmt":"2022-10-18T21:58:48","slug":"vamos-de-la-mano-2021","status":"publish","type":"page","link":"https:\/\/www.vumimexico.com\/es\/vamos-de-la-mano-2021\/","title":{"rendered":"Vamos de la Mano"},"content":{"rendered":"<div class=\"wpb-content-wrapper\"><p>[vc_row full_width=\u00bbstretch_row_content_no_spaces\u00bb full_height=\u00bbyes\u00bb columns_placement=\u00bbtop\u00bb content_placement=\u00bbtop\u00bb css=\u00bb.vc_custom_1632518927747{background-color: #fffbe2 !important;}\u00bb][vc_column css=\u00bb.vc_custom_1632519129197{padding-top: 0px !important;}\u00bb offset=\u00bbvc_col-xs-12&#8243;]<div class=\"ult-spacer spacer-69de58ccbb0f0\" data-id=\"69de58ccbb0f0\" data-height=\"0\" data-height-mobile=\"90\" data-height-tab=\"\" data-height-tab-portrait=\"\" data-height-mobile-landscape=\"\" style=\"clear:both;display:block;\"><\/div><div class=\"ult-animation  ult-animate-viewport  ult-no-mobile \" data-animate=\"fadeIn\" data-animation-delay=\"0\" data-animation-duration=\"3\" data-animation-iteration=\"1\" style=\"opacity:0;\" data-opacity_start_effect=\"\">[vc_single_image image=\u00bb2430&#8243; img_size=\u00bbfull\u00bb alignment=\u00bbcenter\u00bb image_hovers=\u00bbfalse\u00bb css=\u00bb.vc_custom_1632518023660{margin-top: 0px !important;margin-right: 0px !important;margin-bottom: 0px !important;margin-left: 0px !important;padding-top: 0px !important;padding-right: 0px !important;padding-bottom: 0px !important;padding-left: 0px !important;}\u00bb]<\/div><div class=\"ult-spacer spacer-69de58ccbb270\" data-id=\"69de58ccbb270\" data-height=\"0\" data-height-mobile=\"120\" data-height-tab=\"\" data-height-tab-portrait=\"\" data-height-mobile-landscape=\"\" style=\"clear:both;display:block;\"><\/div><div class=\"ult-animation  ult-animate-viewport  ult-no-mobile \" data-animate=\"fadeInUp\" data-animation-delay=\"1\" data-animation-duration=\"1.5\" data-animation-iteration=\"1\" style=\"opacity:0;\" data-opacity_start_effect=\"\">[vc_column_text css=\u00bb.vc_custom_1632520074023{margin-top: -60px !important;margin-bottom: 0px !important;padding-right: 10px !important;padding-left: 10px !important;}\u00bb]<img fetchpriority=\"high\" decoding=\"async\" class=\"alignnone wp-image-2489 size-full\" src=\"https:\/\/www.vumimexico.com\/wp-content\/uploads\/2021\/09\/logo-es-1.png\" alt=\"\" width=\"821\" height=\"121\" srcset=\"https:\/\/www.vumimexico.com\/wp-content\/uploads\/2021\/09\/logo-es-1.png 821w, https:\/\/www.vumimexico.com\/wp-content\/uploads\/2021\/09\/logo-es-1-300x44.png 300w, https:\/\/www.vumimexico.com\/wp-content\/uploads\/2021\/09\/logo-es-1-768x113.png 768w\" sizes=\"(max-width: 821px) 100vw, 821px\" \/>[\/vc_column_text]<\/div><div class=\"ult-spacer spacer-69de58ccbb38b\" data-id=\"69de58ccbb38b\" data-height=\"0\" data-height-mobile=\"20\" data-height-tab=\"\" data-height-tab-portrait=\"\" data-height-mobile-landscape=\"\" style=\"clear:both;display:block;\"><\/div><div class=\"ult-animation  ult-animate-viewport  ult-no-mobile \" data-animate=\"fadeInUp\" data-animation-delay=\"3\" data-animation-duration=\"1.5\" data-animation-iteration=\"1\" style=\"opacity:0;\" data-opacity_start_effect=\"\">[vc_column_text el_class=\u00bbpinktext\u00bb css=\u00bb.vc_custom_1632954811939{padding-right: 60px !important;padding-left: 60px !important;}\u00bb]<\/p>\n<p style=\"text-align: center;\">El c\u00e1ncer de mama es la principal causa de mortalidad en las mujeres.<br \/>\nDe acuerdo con la OMS, alrededor de 685.000 mujeres fallecieron como consecuencia de esta enfermedad en el 2020.<\/p>\n<p>[\/vc_column_text]<\/div><div class=\"ult-spacer spacer-69de58ccbb475\" data-id=\"69de58ccbb475\" data-height=\"20\" data-height-mobile=\"0\" data-height-tab=\"\" data-height-tab-portrait=\"\" data-height-mobile-landscape=\"\" style=\"clear:both;display:block;\"><\/div>[\/vc_column][\/vc_row][vc_row][vc_column]<div class=\"ult-spacer spacer-69de58ccbb4c3\" data-id=\"69de58ccbb4c3\" data-height=\"30\" data-height-mobile=\"10\" data-height-tab=\"\" data-height-tab-portrait=\"\" data-height-mobile-landscape=\"\" style=\"clear:both;display:block;\"><\/div>[\/vc_column][\/vc_row][vc_row full_width=\u00bbstretch_row_content_no_spaces\u00bb css=\u00bb.vc_custom_1632415450480{margin-top: 0px !important;margin-bottom: 0px !important;padding-top: 0px !important;padding-bottom: 0px !important;}\u00bb][vc_column offset=\u00bbvc_hidden-xs\u00bb][vc_row_inner content_placement=\u00bbmiddle\u00bb css=\u00bb.vc_custom_1632415212296{background-color: #fffbe2 !important;}\u00bb][vc_column_inner width=\u00bb1\/12&#8243;][\/vc_column_inner][vc_column_inner width=\u00bb5\/12&#8243;]<div class=\"ult-spacer spacer-69de58ccbb50d\" data-id=\"69de58ccbb50d\" data-height=\"60\" data-height-mobile=\"60\" data-height-tab=\"60\" data-height-tab-portrait=\"\" data-height-mobile-landscape=\"\" style=\"clear:both;display:block;\"><\/div>[vc_column_text el_class=\u00bbsupertitle\u00bb]<span style=\"font-family: Oswald;\">La detecci\u00f3n a tiempo salva vidas<\/span>[\/vc_column_text][vc_column_text el_class=\u00bbpinktext\u00bb]Poder detectar en una etapa temprana al c\u00e1ncer de mama, aumenta las posibilidades de que el tratamiento sea m\u00e1s leve, f\u00e1cil y sobre todo eficaz.[\/vc_column_text][\/vc_column_inner][vc_column_inner width=\u00bb1\/12&#8243;][\/vc_column_inner][vc_column_inner width=\u00bb5\/12&#8243; css=\u00bb.vc_custom_1632417937031{padding: 0px !important;background-position: center !important;background-repeat: no-repeat !important;background-size: cover !important;}\u00bb][vc_single_image image=\u00bb2498&#8243; img_size=\u00bbfull\u00bb alignment=\u00bbright\u00bb image_hovers=\u00bbfalse\u00bb css=\u00bb.vc_custom_1632418174992{margin: 0px !important;padding: 0px !important;}\u00bb][\/vc_column_inner][\/vc_row_inner][\/vc_column][\/vc_row][vc_row full_width=\u00bbstretch_row\u00bb css=\u00bb.vc_custom_1632520269186{background-color: #fffbe2 !important;}\u00bb][vc_column offset=\u00bbvc_hidden-lg vc_hidden-md vc_hidden-sm\u00bb][vc_row_inner][vc_column_inner width=\u00bb1\/2&#8243;][vc_single_image image=\u00bb2498&#8243; img_size=\u00bbfull\u00bb alignment=\u00bbright\u00bb image_hovers=\u00bbfalse\u00bb][\/vc_column_inner][vc_column_inner width=\u00bb1\/2&#8243;][vc_column_text el_class=\u00bbsupertitle\u00bb]<span style=\"font-family: Oswald;\">La detecci\u00f3n a tiempo<br \/>\nsalva vidas<\/span>[\/vc_column_text][vc_column_text el_class=\u00bbpinktext\u00bb]Poder detectar en una etapa temprana al c\u00e1ncer de mama, aumenta las posibilidades de que el tratamiento sea m\u00e1s leve, f\u00e1cil y sobre todo eficaz.[\/vc_column_text][\/vc_column_inner][\/vc_row_inner][\/vc_column][\/vc_row][vc_row][vc_column]<div class=\"ult-spacer spacer-69de58ccbb553\" data-id=\"69de58ccbb553\" data-height=\"30\" data-height-mobile=\"10\" data-height-tab=\"\" data-height-tab-portrait=\"\" data-height-mobile-landscape=\"\" style=\"clear:both;display:block;\"><\/div>[\/vc_column][\/vc_row][vc_row full_width=\u00bbstretch_row_content_no_spaces\u00bb css=\u00bb.vc_custom_1632415450480{margin-top: 0px !important;margin-bottom: 0px !important;padding-top: 0px !important;padding-bottom: 0px !important;}\u00bb][vc_column offset=\u00bbvc_hidden-xs\u00bb][vc_row_inner content_placement=\u00bbmiddle\u00bb css=\u00bb.vc_custom_1632415212296{background-color: #fffbe2 !important;}\u00bb][vc_column_inner width=\u00bb5\/12&#8243; css=\u00bb.vc_custom_1632516530546{padding-top: 0px !important;}\u00bb][vc_single_image image=\u00bb2497&#8243; img_size=\u00bbfull\u00bb alignment=\u00bbright\u00bb image_hovers=\u00bbfalse\u00bb css=\u00bb.vc_custom_1632436619465{margin-top: 0px !important;margin-right: 0px !important;margin-bottom: 0px !important;margin-left: 0px !important;padding-top: 0px !important;padding-right: 0px !important;padding-bottom: 0px !important;padding-left: 0px !important;}\u00bb][\/vc_column_inner][vc_column_inner width=\u00bb1\/12&#8243;][\/vc_column_inner][vc_column_inner width=\u00bb5\/12&#8243;]<div class=\"ult-spacer spacer-69de58ccbb595\" data-id=\"69de58ccbb595\" data-height=\"60\" data-height-mobile=\"60\" data-height-tab=\"60\" data-height-tab-portrait=\"\" data-height-mobile-landscape=\"\" style=\"clear:both;display:block;\"><\/div>[vc_column_text el_class=\u00bbsupertitle\u00bb]<span style=\"font-family: Oswald;\">VUMI<sup>\u00ae<\/sup> est\u00e1 contigo en esta lucha<\/span>[\/vc_column_text][vc_column_text el_class=\u00bbpinktext\u00bb]Con un equipo disponible 24\/7, amplias coberturas y beneficios \u00fanicos, VUMI\u00ae acompa\u00f1a a todas nuestras aseguradas desde la detecci\u00f3n, diagn\u00f3stico y tratamiento brindando:<\/p>\n<ul>\n<li>Servicios de Consultor\u00eda M\u00e9dica VIP para Pacientes<\/li>\n<li>Acceso a los mejores hospitales especializados en c\u00e1ncer de EE. UU.<\/li>\n<li>Segunda Opini\u00f3n M\u00e9dica VIP\u00ae<\/li>\n<li>Coordinaci\u00f3n m\u00e9dica con Enfoque Humano<\/li>\n<\/ul>\n<p>[\/vc_column_text][\/vc_column_inner][vc_column_inner width=\u00bb1\/12&#8243; css=\u00bb.vc_custom_1632417937031{padding: 0px !important;background-position: center !important;background-repeat: no-repeat !important;background-size: cover !important;}\u00bb][\/vc_column_inner][\/vc_row_inner][\/vc_column][\/vc_row][vc_row full_width=\u00bbstretch_row\u00bb css=\u00bb.vc_custom_1632520724040{background-color: #fffbe2 !important;}\u00bb][vc_column offset=\u00bbvc_hidden-lg vc_hidden-md vc_hidden-sm\u00bb][vc_row_inner][vc_column_inner width=\u00bb1\/2&#8243;][vc_single_image image=\u00bb2497&#8243; img_size=\u00bbfull\u00bb alignment=\u00bbright\u00bb image_hovers=\u00bbfalse\u00bb][\/vc_column_inner][vc_column_inner width=\u00bb1\/2&#8243;][vc_column_text el_class=\u00bbsupertitle\u00bb]<span style=\"font-family: Oswald;\">VUMI<sup>\u00ae<\/sup> est\u00e1 contigo<br \/>\nen esta lucha<\/span>[\/vc_column_text][vc_column_text el_class=\u00bbpinktext\u00bb]Con un equipo disponible 24\/7, amplias coberturas y beneficios \u00fanicos, VUMI\u00ae acompa\u00f1a a todas nuestras aseguradas desde la detecci\u00f3n, diagn\u00f3stico y tratamiento brindando:<\/p>\n<ul>\n<li>Servicios de Consultor\u00eda M\u00e9dica VIP para Pacientes<\/li>\n<li>Acceso a los mejores hospitales especializados en c\u00e1ncer de EE. UU.<\/li>\n<li>Segunda Opini\u00f3n M\u00e9dica VIP\u00ae<\/li>\n<li>Coordinaci\u00f3n m\u00e9dica con Enfoque Humano<\/li>\n<\/ul>\n<p>[\/vc_column_text][\/vc_column_inner][\/vc_row_inner][\/vc_column][\/vc_row][vc_row][vc_column]<div class=\"ult-spacer spacer-69de58ccbb62c\" data-id=\"69de58ccbb62c\" data-height=\"30\" data-height-mobile=\"10\" data-height-tab=\"\" data-height-tab-portrait=\"\" data-height-mobile-landscape=\"\" style=\"clear:both;display:block;\"><\/div>[\/vc_column][\/vc_row][vc_row full_width=\u00bbstretch_row_content_no_spaces\u00bb css=\u00bb.vc_custom_1632415450480{margin-top: 0px !important;margin-bottom: 0px !important;padding-top: 0px !important;padding-bottom: 0px !important;}\u00bb][vc_column offset=\u00bbvc_hidden-xs\u00bb][vc_row_inner content_placement=\u00bbmiddle\u00bb css=\u00bb.vc_custom_1632415212296{background-color: #fffbe2 !important;}\u00bb][vc_column_inner width=\u00bb1\/12&#8243;][\/vc_column_inner][vc_column_inner width=\u00bb5\/12&#8243;]<div class=\"ult-spacer spacer-69de58ccbb678\" data-id=\"69de58ccbb678\" data-height=\"60\" data-height-mobile=\"60\" data-height-tab=\"60\" data-height-tab-portrait=\"\" data-height-mobile-landscape=\"\" style=\"clear:both;display:block;\"><\/div>[vc_column_text el_class=\u00bbsupertitle\u00bb]<span style=\"font-family: Oswald;\">Nuestros planes cuentan con cobertura para servicios de oncolog\u00eda<sup>*<\/sup>:<\/span>[\/vc_column_text][vc_column_text el_class=\u00bbpinktext\u00bb]<\/p>\n<ul>\n<li>Ex\u00e1menes, tratamientos (quimioterapia y\/o radiolog\u00eda), medicamentos<sup>*<\/sup><\/li>\n<li>Cirug\u00eda de reducci\u00f3n de riesgo de c\u00e1ncer o cirug\u00eda profil\u00e1ctica<\/li>\n<li>Chequeos m\u00e9dicos preventivos que incluyen mamograf\u00eda<sup>*<\/sup><\/li>\n<\/ul>\n<p>[\/vc_column_text][vc_column_text el_class=\u00bbpinktext\u00bb]<sup>*<\/sup>Para conocer los planes que cuentan con estos beneficios y el alcance de sus coberturas, contacta a tu agente de seguros.[\/vc_column_text][\/vc_column_inner][vc_column_inner width=\u00bb1\/12&#8243;][\/vc_column_inner][vc_column_inner width=\u00bb5\/12&#8243; css=\u00bb.vc_custom_1632417937031{padding: 0px !important;background-position: center !important;background-repeat: no-repeat !important;background-size: cover !important;}\u00bb][vc_single_image image=\u00bb2496&#8243; img_size=\u00bbfull\u00bb alignment=\u00bbright\u00bb image_hovers=\u00bbfalse\u00bb css=\u00bb.vc_custom_1632436635988{margin-top: 0px !important;margin-right: 0px !important;margin-bottom: 0px !important;margin-left: 0px !important;padding-top: 0px !important;padding-right: 0px !important;padding-bottom: 0px !important;padding-left: 0px !important;}\u00bb][\/vc_column_inner][\/vc_row_inner][\/vc_column][\/vc_row][vc_row full_width=\u00bbstretch_row\u00bb css=\u00bb.vc_custom_1632521158176{background-color: #fffbe2 !important;}\u00bb][vc_column offset=\u00bbvc_hidden-lg vc_hidden-md vc_hidden-sm\u00bb][vc_row_inner][vc_column_inner width=\u00bb1\/2&#8243;][vc_single_image image=\u00bb2496&#8243; img_size=\u00bbfull\u00bb alignment=\u00bbright\u00bb image_hovers=\u00bbfalse\u00bb][\/vc_column_inner][vc_column_inner width=\u00bb1\/2&#8243;][vc_column_text el_class=\u00bbsupertitle\u00bb]<span style=\"font-family: Oswald;\">Nuestros planes cuentan con cobertura para servicios de oncolog\u00eda<sup>*<\/sup>:<\/span>[\/vc_column_text][vc_column_text el_class=\u00bbpinktext\u00bb]<\/p>\n<ul>\n<li>Ex\u00e1menes, tratamientos (quimioterapia y\/o radiolog\u00eda), medicamentos<sup>*<\/sup><\/li>\n<li>Cirug\u00eda de reducci\u00f3n de riesgo de c\u00e1ncer o cirug\u00eda profil\u00e1ctica<\/li>\n<li>Chequeos m\u00e9dicos preventivos que incluyen mamograf\u00eda<sup>*<\/sup><\/li>\n<\/ul>\n<p>[\/vc_column_text][vc_column_text el_class=\u00bbpinktext\u00bb]<sup>*<\/sup>Para conocer los planes que cuentan con estos beneficios y el alcance de sus coberturas, contacta a tu agente de seguros.[\/vc_column_text][\/vc_column_inner][\/vc_row_inner][\/vc_column][\/vc_row][vc_row][vc_column]<div class=\"ult-spacer spacer-69de58ccbb6b3\" data-id=\"69de58ccbb6b3\" data-height=\"60\" data-height-mobile=\"10\" data-height-tab=\"\" data-height-tab-portrait=\"\" data-height-mobile-landscape=\"\" style=\"clear:both;display:block;\"><\/div>[\/vc_column][\/vc_row][vc_row full_width=\u00bbstretch_row\u00bb css=\u00bb.vc_custom_1632434889202{background-color: #ee6a96 !important;}\u00bb][vc_column]<div class=\"ult-spacer spacer-69de58ccbb6f3\" data-id=\"69de58ccbb6f3\" data-height=\"60\" data-height-mobile=\"60\" data-height-tab=\"60\" data-height-tab-portrait=\"\" data-height-mobile-landscape=\"\" style=\"clear:both;display:block;\"><\/div>[vc_row_inner][vc_column_inner width=\u00bb1\/6&#8243;][\/vc_column_inner][vc_column_inner width=\u00bb2\/3&#8243;][vc_column_text]<img decoding=\"async\" class=\"aligncenter wp-image-2494 \" src=\"https:\/\/www.vumimexico.com\/wp-content\/uploads\/2021\/09\/stevie-winner-300x296.png\" alt=\"\" width=\"226\" height=\"226\" \/>[\/vc_column_text][vc_column_text el_class=\u00bbsupertitlewhite\u00bb]<\/p>\n<p style=\"text-align: center;\"><span style=\"font-family: Oswald;\">Un reconocimiento<br \/>\na nuestro compromiso<\/span><\/p>\n<p>[\/vc_column_text][vc_column_text el_class=\u00bbwhitetext\u00bb css=\u00bb.vc_custom_1633464206056{padding-right: 60px !important;padding-bottom: 60px !important;padding-left: 60px !important;}\u00bb]<\/p>\n<p style=\"text-align: center;\">Nuestra campa\u00f1a \u201cVamos de la Mano\u201d se llev\u00f3 a cabo durante el Mes de la Concientizaci\u00f3n sobre C\u00e1ncer de Mama. La campa\u00f1a recibi\u00f3 la distinci\u00f3n m\u00e1s alta de la competencia, el Premio de Oro, como Campa\u00f1a de Mercadeo del A\u00f1o en la categor\u00eda de Cuidado de la Salud \u2013 Educaci\u00f3n y Concientizaci\u00f3n sobre Enfermedades. Este gran reconocimiento y nuestro compromiso con todas nuestras aseguradas, nos obliga a siempre estar pendiente de su salud<\/p>\n<p>[\/vc_column_text][\/vc_column_inner][vc_column_inner width=\u00bb1\/6&#8243;][\/vc_column_inner][\/vc_row_inner]<div class=\"ult-spacer spacer-69de58ccbb741\" data-id=\"69de58ccbb741\" data-height=\"60\" data-height-mobile=\"60\" data-height-tab=\"60\" data-height-tab-portrait=\"\" data-height-mobile-landscape=\"\" style=\"clear:both;display:block;\"><\/div>[\/vc_column][\/vc_row]<\/p>\n<\/div>","protected":false},"excerpt":{"rendered":"<p>[vc_row full_width=\u00bbstretch_row_content_no_spaces\u00bb full_height=\u00bbyes\u00bb columns_placement=\u00bbtop\u00bb content_placement=\u00bbtop\u00bb css=\u00bb.vc_custom_1632518927747{background-color: #fffbe2 !important;}\u00bb][vc_column css=\u00bb.vc_custom_1632519129197{padding-top: 0px !important;}\u00bb offset=\u00bbvc_col-xs-12&#8243;][\/vc_column][\/vc_row][vc_row][vc_column][\/vc_column][\/vc_row][vc_row full_width=\u00bbstretch_row_content_no_spaces\u00bb css=\u00bb.vc_custom_1632415450480{margin-top: 0px !important;margin-bottom: 0px !important;padding-top: 0px !important;padding-bottom: 0px !important;}\u00bb][vc_column offset=\u00bbvc_hidden-xs\u00bb][vc_row_inner content_placement=\u00bbmiddle\u00bb css=\u00bb.vc_custom_1632415212296{background-color: #fffbe2 !important;}\u00bb][vc_column_inner width=\u00bb1\/12&#8243;][\/vc_column_inner][vc_column_inner width=\u00bb5\/12&#8243;][vc_column_text el_class=\u00bbsupertitle\u00bb]La detecci\u00f3n a tiempo salva vidas[\/vc_column_text][vc_column_text el_class=\u00bbpinktext\u00bb]Poder detectar en una etapa temprana al c\u00e1ncer de mama, aumenta las posibilidades de que el tratamiento sea m\u00e1s leve,&hellip;<\/p>\n","protected":false},"author":5,"featured_media":0,"parent":0,"menu_order":0,"comment_status":"closed","ping_status":"closed","template":"","meta":{"footnotes":""},"class_list":["post-2490","page","type-page","status-publish","hentry","description-off"],"_links":{"self":[{"href":"https:\/\/www.vumimexico.com\/es\/wp-json\/wp\/v2\/pages\/2490","targetHints":{"allow":["GET"]}}],"collection":[{"href":"https:\/\/www.vumimexico.com\/es\/wp-json\/wp\/v2\/pages"}],"about":[{"href":"https:\/\/www.vumimexico.com\/es\/wp-json\/wp\/v2\/types\/page"}],"author":[{"embeddable":true,"href":"https:\/\/www.vumimexico.com\/es\/wp-json\/wp\/v2\/users\/5"}],"replies":[{"embeddable":true,"href":"https:\/\/www.vumimexico.com\/es\/wp-json\/wp\/v2\/comments?post=2490"}],"version-history":[{"count":15,"href":"https:\/\/www.vumimexico.com\/es\/wp-json\/wp\/v2\/pages\/2490\/revisions"}],"predecessor-version":[{"id":2535,"href":"https:\/\/www.vumimexico.com\/es\/wp-json\/wp\/v2\/pages\/2490\/revisions\/2535"}],"wp:attachment":[{"href":"https:\/\/www.vumimexico.com\/es\/wp-json\/wp\/v2\/media?parent=2490"}],"curies":[{"name":"wp","href":"https:\/\/api.w.org\/{rel}","templated":true}]}}