{"id":2195,"date":"2021-05-13T21:57:06","date_gmt":"2021-05-13T21:57:06","guid":{"rendered":"https:\/\/www.vumigroup.com\/?page_id=2195"},"modified":"2022-09-08T14:41:54","modified_gmt":"2022-09-08T19:41:54","slug":"term-life-vip","status":"publish","type":"page","link":"https:\/\/www.vumimexico.com\/es\/term-life-vip\/","title":{"rendered":"Term Life VIP"},"content":{"rendered":"<div class=\"wpb-content-wrapper\"><p>[vc_row full_width=\u00bbstretch_row\u00bb css=\u00bb.vc_custom_1620769818473{border-bottom-width: 5px !important;background-image: url(https:\/\/www.vumimexico.com\/wp-content\/uploads\/2021\/05\/term-life-plan.jpg?id=2141) !important;background-position: center !important;background-repeat: no-repeat !important;background-size: cover !important;border-bottom-color: #c79200 !important;border-bottom-style: solid !important;}\u00bb][vc_column]<div class=\"ult-spacer spacer-69f4fb51a6fe5\" data-id=\"69f4fb51a6fe5\" data-height=\"400\" data-height-mobile=\"400\" data-height-tab=\"400\" data-height-tab-portrait=\"\" data-height-mobile-landscape=\"\" style=\"clear:both;display:block;\"><\/div>[\/vc_column][\/vc_row][vc_row gap=\u00bb35&#8243; css=\u00bb.vc_custom_1620860897254{padding-top: 40px !important;}\u00bb][vc_column width=\u00bb1\/2&#8243;][vc_column_text css=\u00bb.vc_custom_1620863646900{padding: 10px !important;background-color: #c79200 !important;}\u00bb]<\/p>\n<p style=\"text-align: left;\"><span style=\"color: #ffffff; font-family: Montserrat; font-size: 24px; font-weight: 800;\">TERM LIFE <\/span><span style=\"color: #ffffff; font-family: Montserrat; font-size: 24px; font-weight: 300;\">VIP<\/span><\/p>\n<p>[\/vc_column_text][vc_column_text]Term Life VIP es un plan de seguro de vida a t\u00e9rmino que brinda a los asegurados cobertura integral para ayudarles a prepararse para las eventualidades de la vida y proteger financieramente a su familia en caso de que algo suceda.[\/vc_column_text]<div class=\"ult-spacer spacer-69f4fb51a7055\" data-id=\"69f4fb51a7055\" data-height=\"20\" data-height-mobile=\"20\" data-height-tab=\"20\" data-height-tab-portrait=\"\" data-height-mobile-landscape=\"\" style=\"clear:both;display:block;\"><\/div>[vc_column_text css=\u00bb.vc_custom_1620863699874{padding-top: 10px !important;padding-right: 10px !important;padding-bottom: 10px !important;padding-left: 10px !important;background-color: #c79200 !important;}\u00bb]<\/p>\n<p style=\"text-align: left;\"><span style=\"color: #ffffff; font-family: Montserrat; font-size: 24px; font-weight: 800;\">COBERTURA<\/span><\/p>\n<p>[\/vc_column_text][vc_column_text]<img fetchpriority=\"high\" decoding=\"async\" class=\"alignnone wp-image-2559 size-full\" src=\"https:\/\/www.vumimexico.com\/wp-content\/uploads\/2022\/09\/cov2.jpg\" alt=\"\" width=\"1858\" height=\"395\" srcset=\"https:\/\/www.vumimexico.com\/wp-content\/uploads\/2022\/09\/cov2.jpg 1858w, https:\/\/www.vumimexico.com\/wp-content\/uploads\/2022\/09\/cov2-300x64.jpg 300w, https:\/\/www.vumimexico.com\/wp-content\/uploads\/2022\/09\/cov2-1024x218.jpg 1024w, https:\/\/www.vumimexico.com\/wp-content\/uploads\/2022\/09\/cov2-768x163.jpg 768w, https:\/\/www.vumimexico.com\/wp-content\/uploads\/2022\/09\/cov2-1536x327.jpg 1536w\" sizes=\"(max-width: 1858px) 100vw, 1858px\" \/>[\/vc_column_text][vc_column_text]Con un amplio rango de opciones de cobertura para elegir, Term Life VIP tiene una opci\u00f3n que se ajusta a las necesidades de cada familia.<\/p>\n<p>Term Life VIP cuenta con nuestro <strong>exclusivo Servicio VIP\u00ae<\/strong> que estar\u00e1 siempre disponible para usted y su familia cuando m\u00e1s lo necesiten.[\/vc_column_text][vc_row_inner][vc_column_inner]<div class=\" ubtn-ctn-center \"><a class=\"ubtn-link ult-adjust-bottom-margin ubtn-center ubtn-normal \" href=\"http:\/\/vumigroup.com\/online-quote\/?plan_type=TermLife-VIP\" target=\"_blank\" rel=\"noopener\" ><button type=\"button\" id=\"ubtn-3234\"  class=\"ubtn ult-adjust-bottom-margin ult-responsive ubtn-normal ubtn-top-bg  none  ubtn-center   tooltip-69f4fb51a70d2\"  data-hover=\"#ffffff\" data-border-color=\"\" data-bg=\"#699bc8\" data-hover-bg=\"#0f2e57\" data-border-hover=\"\" data-shadow-hover=\"\" data-shadow-click=\"none\" data-shadow=\"\" data-shd-shadow=\"\"  data-ultimate-target='#ubtn-3234'  data-responsive-json-new='{\"font-size\":\"desktop:16px;\",\"line-height\":\"\"}'  style=\"font-family:&#039;Lato&#039;;font-weight:300;border-radius:35px;border-width:1px;border-color:;border-style:solid;background: #699bc8;color: #ffffff;\"><span class=\"ubtn-hover\" style=\"background-color:#0f2e57\"><\/span><span class=\"ubtn-data ubtn-text \" >SOLICITAR COTIZACI\u00d3N<\/span><\/button><\/a><\/div>[\/vc_column_inner][\/vc_row_inner][\/vc_column][vc_column width=\u00bb1\/2&#8243; css=\u00bb.vc_custom_1620863992097{padding: 40px !important;background-color: #f9f9f9 !important;}\u00bb][vc_column_text css=\u00bb.vc_custom_1620865660058{padding-top: 10px !important;padding-right: 10px !important;padding-bottom: 10px !important;padding-left: 10px !important;background-color: #c79200 !important;}\u00bb]<\/p>\n<p style=\"text-align: left;\"><span style=\"color: #ffffff; font-family: Montserrat; font-size: 24px; font-weight: 800;\">ELIGIBILIDAD<\/span><\/p>\n<p>[\/vc_column_text][vc_column_text]Term Life VIP est\u00e1 disponible para el asegurado principal y su c\u00f3nyuge o compa\u00f1ero(a) dom\u00e9stico(a), siempre y cuando cumplan los siguientes requisitos:[\/vc_column_text][vc_row_inner equal_height=\u00bbyes\u00bb content_placement=\u00bbmiddle\u00bb css=\u00bb.vc_custom_1620865240958{border-bottom-width: 1px !important;border-bottom-color: #d1d1d1 !important;border-bottom-style: solid !important;}\u00bb][vc_column_inner width=\u00bb1\/6&#8243;][vc_column_text]<img decoding=\"async\" class=\"wp-image-2198 size-full aligncenter\" src=\"https:\/\/www.vumimexico.com\/wp-content\/uploads\/2021\/05\/termlife-icon-02.png\" alt=\"\" width=\"45\" height=\"45\" \/>[\/vc_column_text][\/vc_column_inner][vc_column_inner width=\u00bb5\/6&#8243;][vc_column_text]Tener entre 25 y 65 a\u00f1os de edad[\/vc_column_text][\/vc_column_inner][\/vc_row_inner][vc_row_inner equal_height=\u00bbyes\u00bb content_placement=\u00bbmiddle\u00bb css=\u00bb.vc_custom_1620865484870{border-bottom-width: 1px !important;border-bottom-color: #d1d1d1 !important;border-bottom-style: solid !important;}\u00bb][vc_column_inner width=\u00bb1\/6&#8243;][vc_column_text]<img decoding=\"async\" class=\"wp-image-2199 size-full aligncenter\" src=\"https:\/\/www.vumimexico.com\/wp-content\/uploads\/2021\/05\/termlife-icon-01.png\" alt=\"\" width=\"39\" height=\"50\" \/>[\/vc_column_text][\/vc_column_inner][vc_column_inner width=\u00bb5\/6&#8243;][vc_column_text]Tener una p\u00f3liza de seguro de salud activa y elegible emitida por VIP Universal Medical Insurance Group. Para nuevos asegurados, ambas p\u00f3lizas deben ser adquiridas simult\u00e1neamente[\/vc_column_text][\/vc_column_inner][\/vc_row_inner][vc_row_inner equal_height=\u00bbyes\u00bb content_placement=\u00bbmiddle\u00bb][vc_column_inner width=\u00bb1\/6&#8243;][vc_column_text]<img loading=\"lazy\" decoding=\"async\" class=\"wp-image-2200 size-full aligncenter\" src=\"https:\/\/www.vumimexico.com\/wp-content\/uploads\/2021\/05\/termlife-icon-03.png\" alt=\"\" width=\"45\" height=\"46\" \/>[\/vc_column_text][\/vc_column_inner][vc_column_inner width=\u00bb5\/6&#8243;][vc_column_text]Algunos solicitantes, dependiendo de su edad y\/o la cobertura solicitada, deber\u00e1n presentar los ex\u00e1menes m\u00e9dicos requeridos por VUMI\u00ae en el momento de la solicitud[\/vc_column_text][\/vc_column_inner][\/vc_row_inner][vc_column_text css=\u00bb.vc_custom_1620865559088{margin-bottom: 0px !important;padding-bottom: 0px !important;}\u00bb]<\/p>\n<p style=\"text-align: center;\"><strong>La edad m\u00e1xima para la renovaci\u00f3n de la p\u00f3liza de vida a t\u00e9rmino es de 74 a\u00f1os.<\/strong><\/p>\n<p>[\/vc_column_text][\/vc_column][\/vc_row]<\/p>\n<\/div>","protected":false},"excerpt":{"rendered":"<p>[vc_row full_width=\u00bbstretch_row\u00bb css=\u00bb.vc_custom_1620769818473{border-bottom-width: 5px !important;background-image: url(https:\/\/www.vumimexico.com\/wp-content\/uploads\/2021\/05\/term-life-plan.jpg?id=2141) !important;background-position: center !important;background-repeat: no-repeat !important;background-size: cover !important;border-bottom-color: #c79200 !important;border-bottom-style: solid !important;}\u00bb][vc_column][\/vc_column][\/vc_row][vc_row gap=\u00bb35&#8243; css=\u00bb.vc_custom_1620860897254{padding-top: 40px !important;}\u00bb][vc_column width=\u00bb1\/2&#8243;][vc_column_text css=\u00bb.vc_custom_1620863646900{padding: 10px !important;background-color: #c79200 !important;}\u00bb] TERM LIFE VIP [\/vc_column_text][vc_column_text]Term Life VIP es un plan de seguro de vida a t\u00e9rmino que brinda a los asegurados cobertura integral para ayudarles a prepararse para las&hellip;<\/p>\n","protected":false},"author":5,"featured_media":0,"parent":0,"menu_order":0,"comment_status":"closed","ping_status":"closed","template":"","meta":{"footnotes":""},"class_list":["post-2195","page","type-page","status-publish","hentry","description-off"],"_links":{"self":[{"href":"https:\/\/www.vumimexico.com\/es\/wp-json\/wp\/v2\/pages\/2195","targetHints":{"allow":["GET"]}}],"collection":[{"href":"https:\/\/www.vumimexico.com\/es\/wp-json\/wp\/v2\/pages"}],"about":[{"href":"https:\/\/www.vumimexico.com\/es\/wp-json\/wp\/v2\/types\/page"}],"author":[{"embeddable":true,"href":"https:\/\/www.vumimexico.com\/es\/wp-json\/wp\/v2\/users\/5"}],"replies":[{"embeddable":true,"href":"https:\/\/www.vumimexico.com\/es\/wp-json\/wp\/v2\/comments?post=2195"}],"version-history":[{"count":6,"href":"https:\/\/www.vumimexico.com\/es\/wp-json\/wp\/v2\/pages\/2195\/revisions"}],"predecessor-version":[{"id":2560,"href":"https:\/\/www.vumimexico.com\/es\/wp-json\/wp\/v2\/pages\/2195\/revisions\/2560"}],"wp:attachment":[{"href":"https:\/\/www.vumimexico.com\/es\/wp-json\/wp\/v2\/media?parent=2195"}],"curies":[{"name":"wp","href":"https:\/\/api.w.org\/{rel}","templated":true}]}}