{"id":2103,"date":"2021-01-26T19:50:06","date_gmt":"2021-01-26T19:50:06","guid":{"rendered":"https:\/\/www.vumigroup.com\/guia-informativa-sobre-las-vacunas-contra-el-covid-19\/"},"modified":"2021-04-26T21:31:05","modified_gmt":"2021-04-26T21:31:05","slug":"guia-informativa-sobre-las-vacunas-contra-el-covid-19","status":"publish","type":"page","link":"https:\/\/www.vumimexico.com\/es\/guia-informativa-sobre-las-vacunas-contra-el-covid-19\/","title":{"rendered":"Gu\u00eda Informativa Sobre las Vacunas Contra el COVID-19"},"content":{"rendered":"<div class=\"wpb-content-wrapper\"><p>[vc_row gap=\u00bb35&#8243;][vc_column width=\u00bb1\/2&#8243;][vc_column_text]<span style=\"font-family: Raleway; font-size: 32px;\">Gu\u00eda Informativa Sobre las Vacunas Contra el COVID-19<\/span>[\/vc_column_text][vc_column_text]<br \/>\nLa pandemia del COVID-19 ha sido la crisis sanitaria m\u00e1s grave de los \u00faltimos cien a\u00f1os. Debido a que VUMI\u00ae est\u00e1 contigo en todo lo relacionado a tu salud, hemos creado una Gu\u00eda especial que contiene informaci\u00f3n importante sobre las opciones, protocolos y administraci\u00f3n de la vacuna contra el COVID-19.<\/p>\n<p>Los n\u00fameros contin\u00faan aumentando y siguen apareciendo nuevas mutaciones alarmantes del virus. A pesar de que han comenzado las vacunaciones, a\u00fan falta para ganar la batalla. Ahora y siempre, la cobertura de VUMI\u00ae se expande para satisfacer las necesidades de nuestros asegurados:<\/p>\n<ul type=\"disc\">\n<li>Los asegurados con s\u00edntomas del virus recibir\u00e1n cobertura para todos los gastos m\u00e9dicamente necesarios relacionados con el diagn\u00f3stico y tratamiento de COVID-19.<\/li>\n<\/ul>\n<p>Te invitamos a familiarizarte con la nueva Gu\u00eda. Creemos que ser\u00e1 de gran ayuda y una herramienta invaluable para ayudarte a sobrellevar est\u00e1 crisis sanitaria.<br \/>\n[\/vc_column_text]<div class=\" ubtn-ctn-center \"><a class=\"ubtn-link ult-adjust-bottom-margin ubtn-center ubtn-large \" href=\"https:\/\/www.vumigroup.com\/wp-content\/uploads\/2021\/04\/Guia_Vacunas_COVID19_26_04_2021.pdf\" ><button type=\"button\" id=\"ubtn-4478\"  class=\"ubtn ult-adjust-bottom-margin ult-responsive ubtn-large ubtn-no-hover-bg  none  ubtn-sep-icon ubtn-sep-icon-at-left  ubtn-center   tooltip-69db6350b7027\"  data-hover=\"\" data-border-color=\"\" data-bg=\"#699bc8\" data-hover-bg=\"#0f2e57\" data-border-hover=\"\" data-shadow-hover=\"\" data-shadow-click=\"none\" data-shadow=\"\" data-shd-shadow=\"\"  data-ultimate-target='#ubtn-4478'  data-responsive-json-new='{\"font-size\":\"desktop:15px;\",\"line-height\":\"\"}'  style=\"font-family:&#039;Lato&#039;;font-weight:100;border-radius:35px;border-width:1px;border-color:;border-style:solid;background: #699bc8;color: #ffffff;\"><span class=\"ubtn-data ubtn-icon\"><i class=\"Defaults-download\" style=\"font-size:32px;color:#ffffff;\"><\/i><\/span><span class=\"ubtn-hover\" style=\"background-color:#0f2e57\"><\/span><span class=\"ubtn-data ubtn-text \" >DESCARGAR GU\u00cdA<\/span><\/button><\/a><\/div>[\/vc_column][vc_column width=\u00bb1\/2&#8243;][vc_column_text]<img fetchpriority=\"high\" decoding=\"async\" class=\"alignnone size-full wp-image-2095\" src=\"https:\/\/www.vumimexico.com\/wp-content\/uploads\/2021\/01\/covid19-vaccine.jpg\" alt=\"\" width=\"450\" height=\"530\" srcset=\"https:\/\/www.vumimexico.com\/wp-content\/uploads\/2021\/01\/covid19-vaccine.jpg 450w, https:\/\/www.vumimexico.com\/wp-content\/uploads\/2021\/01\/covid19-vaccine-255x300.jpg 255w\" sizes=\"(max-width: 450px) 100vw, 450px\" \/>[\/vc_column_text][\/vc_column][\/vc_row]<\/p>\n<\/div>","protected":false},"excerpt":{"rendered":"<p>[vc_row gap=\u00bb35&#8243;][vc_column width=\u00bb1\/2&#8243;][vc_column_text]Gu\u00eda Informativa Sobre las Vacunas Contra el COVID-19[\/vc_column_text][vc_column_text] La pandemia del COVID-19 ha sido la crisis sanitaria m\u00e1s grave de los \u00faltimos cien a\u00f1os. Debido a que VUMI\u00ae est\u00e1 contigo en todo lo relacionado a tu salud, hemos creado una Gu\u00eda especial que contiene informaci\u00f3n importante sobre las opciones, protocolos y administraci\u00f3n de&hellip;<\/p>\n","protected":false},"author":5,"featured_media":0,"parent":0,"menu_order":0,"comment_status":"closed","ping_status":"closed","template":"","meta":{"footnotes":""},"class_list":["post-2103","page","type-page","status-publish","hentry","description-off"],"_links":{"self":[{"href":"https:\/\/www.vumimexico.com\/es\/wp-json\/wp\/v2\/pages\/2103","targetHints":{"allow":["GET"]}}],"collection":[{"href":"https:\/\/www.vumimexico.com\/es\/wp-json\/wp\/v2\/pages"}],"about":[{"href":"https:\/\/www.vumimexico.com\/es\/wp-json\/wp\/v2\/types\/page"}],"author":[{"embeddable":true,"href":"https:\/\/www.vumimexico.com\/es\/wp-json\/wp\/v2\/users\/5"}],"replies":[{"embeddable":true,"href":"https:\/\/www.vumimexico.com\/es\/wp-json\/wp\/v2\/comments?post=2103"}],"version-history":[{"count":6,"href":"https:\/\/www.vumimexico.com\/es\/wp-json\/wp\/v2\/pages\/2103\/revisions"}],"predecessor-version":[{"id":2139,"href":"https:\/\/www.vumimexico.com\/es\/wp-json\/wp\/v2\/pages\/2103\/revisions\/2139"}],"wp:attachment":[{"href":"https:\/\/www.vumimexico.com\/es\/wp-json\/wp\/v2\/media?parent=2103"}],"curies":[{"name":"wp","href":"https:\/\/api.w.org\/{rel}","templated":true}]}}