{"id":1933,"date":"2020-10-01T20:37:42","date_gmt":"2020-10-01T20:37:42","guid":{"rendered":"https:\/\/www.vumigroup.com\/vamos-de-la-mano\/"},"modified":"2021-10-05T19:52:26","modified_gmt":"2021-10-05T19:52:26","slug":"vamos-de-la-mano-2020","status":"publish","type":"page","link":"https:\/\/www.vumimexico.com\/es\/vamos-de-la-mano-2020\/","title":{"rendered":"Vamos de la Mano"},"content":{"rendered":"<div class=\"wpb-content-wrapper\"><p>[vc_row full_width=\u00bbstretch_row_content_no_spaces\u00bb css=\u00bb.vc_custom_1601583365411{background-position: center !important;background-repeat: no-repeat !important;background-size: cover !important;}\u00bb][vc_column offset=\u00bbvc_hidden-xs\u00bb css=\u00bb.vc_custom_1601583303668{padding-top: 150px !important;padding-bottom: 150px !important;background-image: url(https:\/\/www.vumimexico.com\/wp-content\/uploads\/2020\/10\/header-breast-cancer.jpg?id=1916) !important;background-position: center !important;background-repeat: no-repeat !important;background-size: cover !important;}\u00bb][\/vc_column][\/vc_row][vc_row full_width=\u00bbstretch_row\u00bb css=\u00bb.vc_custom_1601583481688{background-position: center !important;background-repeat: no-repeat !important;background-size: cover !important;}\u00bb][vc_column offset=\u00bbvc_hidden-lg vc_hidden-md vc_hidden-sm\u00bb css=\u00bb.vc_custom_1601583475124{padding-top: 150px !important;padding-bottom: 150px !important;background-image: url(https:\/\/www.vumimexico.com\/wp-content\/uploads\/2020\/10\/header-breast-cancer-mobile.jpg?id=1921) !important;background-position: center !important;background-repeat: no-repeat !important;background-size: cover !important;}\u00bb][\/vc_column][\/vc_row][vc_row css=\u00bb.vc_custom_1601564611286{margin-top: 20px !important;}\u00bb][vc_column width=\u00bb2\/4&#8243;]<div class=\"ult-spacer spacer-69d66613562ce\" data-id=\"69d66613562ce\" data-height=\"30\" data-height-mobile=\"0\" data-height-tab=\"0\" data-height-tab-portrait=\"0\" data-height-mobile-landscape=\"0\" style=\"clear:both;display:block;\"><\/div>[vc_column_text]<span style=\"font-family: Raleway; font-size: 32px;\">En el Mes de la Lucha<br \/>\nContra el C\u00e1ncer de Mama,<br \/>\n<strong>Vamos de la Mano<\/strong>.<\/span>[\/vc_column_text][vc_column_text]La prevenci\u00f3n, detecci\u00f3n temprana y el tratamiento adecuado son las mejores herramientas para combatir esta enfermedad.<\/p>\n<p>Es importante conocer sus s\u00edntomas y que las mujeres de todas las edades se realicen un auto examen de los senos por lo menos una vez al mes.<\/p>\n<p>VUMI\u00ae\u00a0acompa\u00f1a de la mano a todas nuestras aseguradas diagnosticadas con c\u00e1ncer de mama ofreci\u00e9ndoles\u00a0acceso al mejor tratamiento seg\u00fan su condici\u00f3n m\u00e9dica, en\u00a0los mejores\u00a0hospitales y cl\u00ednicas\u00a0a nivel mundial. Asimismo, VUMI\u00ae\u00a0pone a la disposici\u00f3n de las aseguradas nuestros servicios de Segunda Opini\u00f3n M\u00e9dica VIP\u00ae\u00a0y Consultor\u00eda M\u00e9dica VIP que trabajar\u00e1n de la mano junto al resto del equipo m\u00e9dico de VUMI\u00ae\u00a0para apoyar a la asegurada y su familia durante todo el proceso.<\/p>\n<p>Durante este mes compartiremos informaci\u00f3n relevante y muy vital para ganar en esta lucha.[\/vc_column_text][\/vc_column][vc_column width=\u00bb1\/12&#8243;][\/vc_column][vc_column width=\u00bb2\/5&#8243;][vc_column_text]<img fetchpriority=\"high\" decoding=\"async\" class=\"alignnone wp-image-1930 size-full\" src=\"https:\/\/www.vumimexico.com\/wp-content\/uploads\/2020\/10\/breast-cancer-women-es.jpg\" alt=\"\" width=\"450\" height=\"450\" srcset=\"https:\/\/www.vumimexico.com\/wp-content\/uploads\/2020\/10\/breast-cancer-women-es.jpg 450w, https:\/\/www.vumimexico.com\/wp-content\/uploads\/2020\/10\/breast-cancer-women-es-300x300.jpg 300w, https:\/\/www.vumimexico.com\/wp-content\/uploads\/2020\/10\/breast-cancer-women-es-150x150.jpg 150w\" sizes=\"(max-width: 450px) 100vw, 450px\" \/>[\/vc_column_text][\/vc_column][vc_column css=\u00bb.vc_custom_1601582307431{margin-top: 40px !important;}\u00bb][vc_column_text]<\/p>\n<p style=\"text-align: center;\"><span style=\"font-family: Raleway; font-size: 32px;\">Haz clic en el video para que veas un mensaje<br \/>\nque VUMI\u00ae tiene para todas las mujeres<\/span><\/p>\n<p>[\/vc_column_text][vc_column_text]<\/p>\n<p style=\"text-align: center;\"><span style=\"font-size: 16px;\">Sigue nuestras redes para mantenerte informado de nuestra campa\u00f1a <strong>\u00abVAMOS DE LA MANO\u00bb<\/strong><\/span><\/p>\n<p>[\/vc_column_text][\/vc_column][\/vc_row][vc_row][vc_column][vc_video link=\u00bbhttps:\/\/www.youtube.com\/watch?v=D-NgfM_jXC4&#8243; align=\u00bbcenter\u00bb][\/vc_column][\/vc_row]<\/p>\n<\/div>","protected":false},"excerpt":{"rendered":"<p>[vc_row full_width=\u00bbstretch_row_content_no_spaces\u00bb css=\u00bb.vc_custom_1601583365411{background-position: center !important;background-repeat: no-repeat !important;background-size: cover !important;}\u00bb][vc_column offset=\u00bbvc_hidden-xs\u00bb css=\u00bb.vc_custom_1601583303668{padding-top: 150px !important;padding-bottom: 150px !important;background-image: url(https:\/\/www.vumimexico.com\/wp-content\/uploads\/2020\/10\/header-breast-cancer.jpg?id=1916) !important;background-position: center !important;background-repeat: no-repeat !important;background-size: cover !important;}\u00bb][\/vc_column][\/vc_row][vc_row full_width=\u00bbstretch_row\u00bb css=\u00bb.vc_custom_1601583481688{background-position: center !important;background-repeat: no-repeat !important;background-size: cover !important;}\u00bb][vc_column offset=\u00bbvc_hidden-lg vc_hidden-md vc_hidden-sm\u00bb css=\u00bb.vc_custom_1601583475124{padding-top: 150px !important;padding-bottom: 150px !important;background-image: url(https:\/\/www.vumimexico.com\/wp-content\/uploads\/2020\/10\/header-breast-cancer-mobile.jpg?id=1921) !important;background-position: center !important;background-repeat: no-repeat !important;background-size: cover !important;}\u00bb][\/vc_column][\/vc_row][vc_row css=\u00bb.vc_custom_1601564611286{margin-top: 20px !important;}\u00bb][vc_column width=\u00bb2\/4&#8243;][vc_column_text]En el Mes de la&hellip;<\/p>\n","protected":false},"author":5,"featured_media":0,"parent":0,"menu_order":0,"comment_status":"closed","ping_status":"closed","template":"","meta":{"footnotes":""},"class_list":["post-1933","page","type-page","status-publish","hentry","description-off"],"_links":{"self":[{"href":"https:\/\/www.vumimexico.com\/es\/wp-json\/wp\/v2\/pages\/1933","targetHints":{"allow":["GET"]}}],"collection":[{"href":"https:\/\/www.vumimexico.com\/es\/wp-json\/wp\/v2\/pages"}],"about":[{"href":"https:\/\/www.vumimexico.com\/es\/wp-json\/wp\/v2\/types\/page"}],"author":[{"embeddable":true,"href":"https:\/\/www.vumimexico.com\/es\/wp-json\/wp\/v2\/users\/5"}],"replies":[{"embeddable":true,"href":"https:\/\/www.vumimexico.com\/es\/wp-json\/wp\/v2\/comments?post=1933"}],"version-history":[{"count":3,"href":"https:\/\/www.vumimexico.com\/es\/wp-json\/wp\/v2\/pages\/1933\/revisions"}],"predecessor-version":[{"id":1945,"href":"https:\/\/www.vumimexico.com\/es\/wp-json\/wp\/v2\/pages\/1933\/revisions\/1945"}],"wp:attachment":[{"href":"https:\/\/www.vumimexico.com\/es\/wp-json\/wp\/v2\/media?parent=1933"}],"curies":[{"name":"wp","href":"https:\/\/api.w.org\/{rel}","templated":true}]}}