{"id":1776,"date":"2020-04-24T02:20:16","date_gmt":"2020-04-24T02:20:16","guid":{"rendered":"https:\/\/www.vumigroup.com\/servicio-de-telemedicina-vip\/"},"modified":"2020-06-18T23:41:43","modified_gmt":"2020-06-18T23:41:43","slug":"servicio-de-telemedicina-vip","status":"publish","type":"page","link":"https:\/\/www.vumimexico.com\/es\/servicio-de-telemedicina-vip\/","title":{"rendered":"Servicio de Telemedicina VIP"},"content":{"rendered":"<div class=\"wpb-content-wrapper\"><p>[vc_row full_width=\u00bbstretch_row\u00bb css=\u00bb.vc_custom_1587687926569{padding-top: 150px !important;padding-bottom: 150px !important;background-image: url(https:\/\/www.vumimexico.com\/wp-content\/uploads\/2020\/04\/header-telemedicina.jpg?id=1761) !important;background-position: center !important;background-repeat: no-repeat !important;background-size: cover !important;}\u00bb][vc_column][\/vc_column][\/vc_row][vc_row][vc_column width=\u00bb2\/4&#8243;][vc_column_text]<span style=\"font-family: Raleway; font-size: 32px;\">Servicio de Telemedicina VIP<\/span>[\/vc_column_text][vc_column_text]Este servicio de VUMI, permite que a trav\u00e9s de una llamada o videoconferencia, los asegurados pueden acceder a una consulta m\u00e9dica virtual de manera r\u00e1pida y f\u00e1cil, sin la necesidad de movilizarse.[\/vc_column_text][vc_column_text]<span style=\"font-family: Raleway; font-size: 32px;\">Ventajas de la Telemedicina VIP<\/span>[\/vc_column_text][vc_column_text]<\/p>\n<ul>\n<li>Disponible para todos los planes a nivel mundial<\/li>\n<li>No aplica deducible<\/li>\n<li>Disponible en m\u00faltiples idiomas<\/li>\n<li>Servicio las 24 horas del d\u00eda, 7 d\u00edas de la semana<\/li>\n<li>Menor tiempo de espera para ser atendido<\/li>\n<li>Diagn\u00f3stico inmediato<\/li>\n<li>Atenci\u00f3n virtual o telef\u00f3nica sin necesidad de movilizarse<\/li>\n<li>Prescripci\u00f3n de medicamentos (\u00fanicamente en EE. UU.)<\/li>\n<\/ul>\n<p>[\/vc_column_text][\/vc_column][vc_column width=\u00bb1\/12&#8243;][\/vc_column][vc_column width=\u00bb2\/5&#8243;][vc_column_text]<img fetchpriority=\"high\" decoding=\"async\" class=\"alignnone size-full wp-image-1766\" src=\"https:\/\/www.vumimexico.com\/wp-content\/uploads\/2020\/04\/telemedicine-sidegraph.png\" alt=\"\" width=\"301\" height=\"451\" srcset=\"https:\/\/www.vumimexico.com\/wp-content\/uploads\/2020\/04\/telemedicine-sidegraph.png 301w, https:\/\/www.vumimexico.com\/wp-content\/uploads\/2020\/04\/telemedicine-sidegraph-200x300.png 200w\" sizes=\"(max-width: 301px) 100vw, 301px\" \/>[\/vc_column_text][\/vc_column][\/vc_row][vc_row][vc_column][vc_column_text]<span style=\"font-family: Raleway; font-size: 32px;\">Pasos para acceder al servicio de Telemedicina VIP<\/span>[\/vc_column_text][vc_column_text]1.- Contacta al equipo m\u00e9dico de VUMI\u00ae a trav\u00e9s de:<\/p>\n<p>&#8211; V\u00eda telef\u00f3nica a trav\u00e9s de los siguientes n\u00fameros o v\u00eda email <a href=\"mailto:notificaciones@vumigroup.com\">notificaciones@vumigroup.com\u00a0<\/a><br \/>\n<strong><br \/>\nLlamada Gratuita : +1 855 276 VUMI (8864)<\/strong>[\/vc_column_text][vc_row_inner][vc_column_inner width=\u00bb1\/2&#8243;][vc_column_text]<div id=\"footable_parent_1489\"\n         class=\" footable_parent ninja_table_wrapper loading_ninja_table wp_table_data_press_parent semantic_ui \">\n                <table data-ninja_table_instance=\"ninja_table_instance_0\" data-footable_id=\"1489\" data-filter-delay=\"1000\" aria-label=\"Contact Phones ES\"            id=\"footable_1489\"\n           data-unique_identifier=\"ninja_table_unique_id_2067105918_1489\"\n           class=\" foo-table ninja_footable foo_table_1489 ninja_table_unique_id_2067105918_1489 ui table  nt_type_legacy_table selectable striped compact vertical_centered  footable-paging-right ninjatable_hide_header_row ninja_table_search_disabled ninja_table_pro\">\n                <colgroup>\n                            <col class=\"ninja_column_0 \">\n                            <col class=\"ninja_column_1 \">\n                    <\/colgroup>\n        <thead>\n<tr class=\"footable-header\">\n                                        <th scope=\"col\"  class=\"ninja_column_0 ninja_clmn_nm_description \">Description<\/th><th scope=\"col\"  class=\"ninja_column_1 ninja_clmn_nm_phone \">Phone<\/th><\/tr>\n<\/thead>\n<tbody>\n\n        <tr data-row_id=\"28\" class=\"ninja_table_row_0 nt_row_id_28\">\n            <td>Tel\u00e9fono Principal<\/td><td>+1 214 276 6376<\/td>        <\/tr>\n            <tr data-row_id=\"29\" class=\"ninja_table_row_1 nt_row_id_29\">\n            <td>Fax<\/td><td>1 425 974 7867<\/td>        <\/tr>\n            <tr data-row_id=\"30\" class=\"ninja_table_row_2 nt_row_id_30\">\n            <td>Fax Gratuito<\/td><td>1 800 976 0972<\/td>        <\/tr>\n            <tr data-row_id=\"31\" class=\"ninja_table_row_3 nt_row_id_31\">\n            <td>Desde M\u00e9xico<\/td><td>+52 (55) 41 70 3647<\/td>        <\/tr>\n            <tr data-row_id=\"32\" class=\"ninja_table_row_4 nt_row_id_32\">\n            <td>Desde Guatemala<\/td><td>+502 2 278 7023 (n\u00famero local)<\/td>        <\/tr>\n            <tr data-row_id=\"33\" class=\"ninja_table_row_5 nt_row_id_33\">\n            <td>Desde El Salvador<\/td><td>+503 2 113 0454 (n\u00famero local)<\/td>        <\/tr>\n            <tr data-row_id=\"60\" class=\"ninja_table_row_6 nt_row_id_60\">\n            <td>Desde Chile<\/td><td>+56 229 381 950 (n\u00famero local)<\/td>        <\/tr>\n    <\/tbody><!--ninja_tobody_rendering_done-->\n    <\/table>\n    \n    \n    \n<\/div>\n[\/vc_column_text][\/vc_column_inner][vc_column_inner width=\u00bb1\/2&#8243;][vc_column_text]<div id=\"footable_parent_1490\"\n         class=\" footable_parent ninja_table_wrapper loading_ninja_table wp_table_data_press_parent semantic_ui \">\n                <table data-ninja_table_instance=\"ninja_table_instance_1\" data-footable_id=\"1490\" data-filter-delay=\"1000\" aria-label=\"Contact Phones ES 2\"            id=\"footable_1490\"\n           data-unique_identifier=\"ninja_table_unique_id_1365260884_1490\"\n           class=\" foo-table ninja_footable foo_table_1490 ninja_table_unique_id_1365260884_1490 ui table  nt_type_legacy_table selectable striped compact vertical_centered  footable-paging-right ninjatable_hide_header_row ninja_table_search_disabled ninja_table_pro\">\n                <colgroup>\n                            <col class=\"ninja_column_0 \">\n                            <col class=\"ninja_column_1 \">\n                    <\/colgroup>\n        <thead>\n<tr class=\"footable-header\">\n                                        <th scope=\"col\"  class=\"ninja_column_0 ninja_clmn_nm_description \">Description<\/th><th scope=\"col\"  class=\"ninja_column_1 ninja_clmn_nm_phone \">Phone<\/th><\/tr>\n<\/thead>\n<tbody>\n\n        <tr data-row_id=\"34\" class=\"ninja_table_row_0 nt_row_id_34\">\n            <td>Desde Costa Rica<\/td><td>+506 4 001 5364 (n\u00famero local)<\/td>        <\/tr>\n            <tr data-row_id=\"35\" class=\"ninja_table_row_1 nt_row_id_35\">\n            <td>Desde Panam\u00e1<\/td><td>+507 833 9569 (n\u00famero local)<\/td>        <\/tr>\n            <tr data-row_id=\"36\" class=\"ninja_table_row_2 nt_row_id_36\">\n            <td>Desde Venezuela<\/td><td>+58 212 720 1734 +58 212 720 5127 (n\u00famero local)<\/td>        <\/tr>\n            <tr data-row_id=\"37\" class=\"ninja_table_row_3 nt_row_id_37\">\n            <td>From Per\u00fa<\/td><td>+5117008749 +5117008751 (n\u00famero local)<\/td>        <\/tr>\n            <tr data-row_id=\"38\" class=\"ninja_table_row_4 nt_row_id_38\">\n            <td>Desde Brasil<\/td><td>+55 21 2018-1218 (n\u00famero local)<\/td>        <\/tr>\n            <tr data-row_id=\"39\" class=\"ninja_table_row_5 nt_row_id_39\">\n            <td>Desde Europa (Espa\u00f1a)<\/td><td>+34 91 761 0904 (n\u00famero local)<\/td>        <\/tr>\n            <tr data-row_id=\"61\" class=\"ninja_table_row_6 nt_row_id_61\">\n            <td>Desde Uruguay<\/td><td>+0004054015 (n\u00famero local)<\/td>        <\/tr>\n    <\/tbody><!--ninja_tobody_rendering_done-->\n    <\/table>\n    \n    \n    \n<\/div>\n[\/vc_column_text][\/vc_column_inner][\/vc_row_inner][\/vc_column][\/vc_row][vc_row][vc_column][vc_column_text]2.- El coordinador m\u00e9dico tomar\u00e1 los datos del asegurado que recibir\u00e1 la consulta virtual. VUMI\u00ae programar\u00e1 la consulta con el proveedor correspondiente.[\/vc_column_text][\/vc_column][\/vc_row][vc_row][vc_column][vc_column_text]3.- En un tiempo de 15 minutos a 1 hora, un m\u00e9dico se comunicar\u00e1 directamente con el asegurado[\/vc_column_text][\/vc_column][\/vc_row][vc_row][vc_column][vc_column_text]<\/p>\n<div style=\"width: 1200px;\" class=\"wp-video\"><!--[if lt IE 9]><script>document.createElement('video');<\/script><![endif]-->\n<video class=\"wp-video-shortcode\" id=\"video-1776-1\" width=\"1200\" height=\"675\" preload=\"metadata\" controls=\"controls\"><source type=\"video\/mp4\" src=\"https:\/\/www.vumimexico.com\/wp-content\/uploads\/2020\/04\/Telemedicina_SPA.mp4?_=1\" \/><a href=\"https:\/\/www.vumimexico.com\/wp-content\/uploads\/2020\/04\/Telemedicina_SPA.mp4\">https:\/\/www.vumimexico.com\/wp-content\/uploads\/2020\/04\/Telemedicina_SPA.mp4<\/a><\/video><\/div>\n<p>[\/vc_column_text][\/vc_column][\/vc_row]<\/p>\n<\/div>","protected":false},"excerpt":{"rendered":"<p>[vc_row full_width=\u00bbstretch_row\u00bb css=\u00bb.vc_custom_1587687926569{padding-top: 150px !important;padding-bottom: 150px !important;background-image: url(https:\/\/www.vumimexico.com\/wp-content\/uploads\/2020\/04\/header-telemedicina.jpg?id=1761) !important;background-position: center !important;background-repeat: no-repeat !important;background-size: cover !important;}\u00bb][vc_column][\/vc_column][\/vc_row][vc_row][vc_column width=\u00bb2\/4&#8243;][vc_column_text]Servicio de Telemedicina VIP[\/vc_column_text][vc_column_text]Este servicio de VUMI, permite que a trav\u00e9s de una llamada o videoconferencia, los asegurados pueden acceder a una consulta m\u00e9dica virtual de manera r\u00e1pida y f\u00e1cil, sin la necesidad de movilizarse.[\/vc_column_text][vc_column_text]Ventajas de la Telemedicina VIP[\/vc_column_text][vc_column_text] Disponible&hellip;<\/p>\n","protected":false},"author":5,"featured_media":0,"parent":0,"menu_order":0,"comment_status":"closed","ping_status":"closed","template":"","meta":{"footnotes":""},"class_list":["post-1776","page","type-page","status-publish","hentry","description-off"],"_links":{"self":[{"href":"https:\/\/www.vumimexico.com\/es\/wp-json\/wp\/v2\/pages\/1776","targetHints":{"allow":["GET"]}}],"collection":[{"href":"https:\/\/www.vumimexico.com\/es\/wp-json\/wp\/v2\/pages"}],"about":[{"href":"https:\/\/www.vumimexico.com\/es\/wp-json\/wp\/v2\/types\/page"}],"author":[{"embeddable":true,"href":"https:\/\/www.vumimexico.com\/es\/wp-json\/wp\/v2\/users\/5"}],"replies":[{"embeddable":true,"href":"https:\/\/www.vumimexico.com\/es\/wp-json\/wp\/v2\/comments?post=1776"}],"version-history":[{"count":3,"href":"https:\/\/www.vumimexico.com\/es\/wp-json\/wp\/v2\/pages\/1776\/revisions"}],"predecessor-version":[{"id":1783,"href":"https:\/\/www.vumimexico.com\/es\/wp-json\/wp\/v2\/pages\/1776\/revisions\/1783"}],"wp:attachment":[{"href":"https:\/\/www.vumimexico.com\/es\/wp-json\/wp\/v2\/media?parent=1776"}],"curies":[{"name":"wp","href":"https:\/\/api.w.org\/{rel}","templated":true}]}}